{"id":980,"date":"2017-02-02T15:25:54","date_gmt":"2017-02-02T14:25:54","guid":{"rendered":"https:\/\/xn--thrapie-eau-mre-enfant-z7bm.fr\/?page_id=980"},"modified":"2020-10-09T07:25:51","modified_gmt":"2020-10-09T06:25:51","slug":"cycle-1-notions-de-base-de-foetoaquatherapie","status":"publish","type":"page","link":"https:\/\/xn--thrapie-eau-mre-enfant-z7bm.fr\/index.php\/cycle-1-notions-de-base-de-foetoaquatherapie\/","title":{"rendered":"Cycle 1\u00a0: Notions de base de la Foetoaquath\u00e9rapie<sup>\u00ae<\/sup>"},"content":{"rendered":"<h3>3 sessions de deux jours espac\u00e9es de 2 \u00e0 3 semaines<\/h3>\n<h4>Programme<\/h4>\n<p><strong>Session 1 &#8211; 2 jours<br \/>\n<\/strong><\/p>\n<ul style=\"color: #47bcc3;\">\n<li style=\"list-style-type: none;\">\n<ul style=\"color: #47bcc3;\">\n<li style=\"list-style-type: disc;\"><span style=\"color: #000000;\">Pr\u00e9sentation de la Foetoaquath\u00e9rapie<sup>\u00ae<\/sup>, objectifs, origine historique et r\u00e9sultats.<\/span><\/li>\n<li style=\"list-style-type: disc;\"><span style=\"color: #000000;\">Les diff\u00e9rentes approches des soins psychologiques de l\u2019enfant en France et en Europe.<\/span>\n<ul>\n<li style=\"list-style-type: circle;\"><span style=\"color: #000000;\">Fondamentaux th\u00e9oriques et pratiques de la Foetoaquath\u00e9rapie<sup>\u00ae<\/sup><\/span><\/li>\n<li style=\"list-style-type: circle;\"><span style=\"color: #000000;\">Accueil familial et regard syst\u00e9mique<\/span><\/li>\n<\/ul>\n<\/li>\n<li style=\"list-style-type: disc;\"><span style=\"color: #000000;\">Bases de la Psychopathologie<\/span><\/li>\n<li style=\"list-style-type: disc;\"><span style=\"color: #000000;\">Les m\u00e9moires archa\u00efques de la peau et du toucher<\/span><\/li>\n<\/ul>\n<\/li>\n<\/ul>\n<p><strong>Session 2 &#8211; 2 jours<br \/>\n<\/strong><\/p>\n<ul style=\"color: #47bcc3;\">\n<li style=\"list-style-type: none;\">\n<ul style=\"color: #47bcc3;\">\n<li style=\"list-style-type: disc;\"><span style=\"color: #000000;\">Le langage infraverbal et les m\u00e9moires cellulaires<\/span><\/li>\n<li style=\"list-style-type: disc;\"><span style=\"color: #000000;\">Notions fondamentales d\u2019embryologie<\/span><\/li>\n<li style=\"list-style-type: disc;\"><span style=\"color: #000000;\">Interactions entre embryologie et Foetoaquath\u00e9rapie<\/span><\/li>\n<li style=\"list-style-type: disc;\"><span style=\"color: #000000;\">Les fonctions de l\u2019eau en Foetoaquath\u00e9rapie<\/span><\/li>\n<li style=\"list-style-type: disc;\"><span style=\"color: #000000;\">Les diff\u00e9rentes fonctions psychoaffectives du placenta<\/span>\n<ul>\n<li style=\"list-style-type: circle;\"><span style=\"color: #000000;\">Accueil familial et syst\u00e9mie familiale<\/span><\/li>\n<\/ul>\n<\/li>\n<\/ul>\n<\/li>\n<\/ul>\n<p><strong>Session 3 &#8211; 2 jours<br \/>\n<\/strong><\/p>\n<ul style=\"color: #47bcc3;\">\n<li style=\"list-style-type: none;\">\n<ul style=\"color: #47bcc3;\">\n<li style=\"list-style-type: disc;\"><span style=\"color: #000000;\">Les enveloppes psychiques de Didier Anzieu et ses transpositions en Foetoaquath\u00e9rapie<\/span><\/li>\n<li style=\"list-style-type: disc;\"><span style=\"color: #000000;\">Les 3 grandes \u00e9tapes de m\u00e9moires intra-ut\u00e9rines<\/span><\/li>\n<li style=\"list-style-type: disc;\"><span style=\"color: #000000;\">Les trois p\u00e9riodes cl\u00e9 en Foetoaquath\u00e9rapie<sup>\u00ae<\/sup><\/span><\/li>\n<\/ul>\n<\/li>\n<\/ul>\n<h4>Pr\u00e9-requis<\/h4>\n<p>Ce cycle de formation s\u2019adresse \u00e0 tous les professionnels des m\u00e9tiers du soin et de la relation d\u2019aide en fin de cycle de formation ou confirm\u00e9s.<\/p>\n<p>Ces s\u00e9quences de formation sont compl\u00e9mentaires d\u2019une formation initiale de qualit\u00e9.<\/p>\n<h4>Public<\/h4>\n<p>M\u00e9decins, kin\u00e9sith\u00e9rapeutes, psychomotriciens, sages femmes, ost\u00e9opathes, infirmiers, psychologues, m\u00e9diateurs.<\/p>\n<h4>Objectifs p\u00e9dagogiques<\/h4>\n<p>A l\u2019issue de la formation, les participants auront acquis<\/p>\n<ul style=\"color: #47bcc3;\">\n<li style=\"list-style-type: none;\">\n<ul style=\"color: #47bcc3;\">\n<li style=\"list-style-type: disc;\"><span style=\"color: #000000;\">les notions de base de la F\u0153toaquath\u00e9rapie<sup>\u00ae<\/sup><\/span><\/li>\n<li style=\"list-style-type: disc;\"><span style=\"color: #000000;\">des notions de base d\u2019embryologie et de psychopathologie<\/span><\/li>\n<\/ul>\n<\/li>\n<\/ul>\n<h4>M\u00e9thodes p\u00e9dagogiques<\/h4>\n<p>Apports th\u00e9oriques et d\u00e9monstrations par l\u2019image, interactions et retour d\u2019exp\u00e9rience.<\/p>\n<h4>Les intervenants&nbsp;:<\/h4>\n<p><strong>Marie Schmitt<\/strong> \u2013 Cr\u00e9atrice de la m\u00e9thode th\u00e9rapeutique de Foetoaquath\u00e9rapie<sup>\u00ae<\/sup><\/p>\n<p><strong>Claude Swaenepoel <\/strong>\u2013 P\u00e9diatre, aptoth\u00e9rapeute<\/p>\n<p><strong>Elise Chalvidan<\/strong> \u2013 Psychologue, enseignante en Psychopathologie, praticienne en Foetoaquath\u00e9rapie<sup>\u00ae<\/sup><\/p>\n<h4><\/h4>\n","protected":false},"excerpt":{"rendered":"<p>3 sessions de deux jours espac\u00e9es de 2 \u00e0 3 semaines Programme Session 1 &#8211; 2 jours Pr\u00e9sentation de la Foetoaquath\u00e9rapie\u00ae, objectifs, origine historique et r\u00e9sultats. Les diff\u00e9rentes approches des soins psychologiques de l\u2019enfant en France et en Europe. Fondamentaux th\u00e9oriques et pratiques de la Foetoaquath\u00e9rapie\u00ae Accueil familial et regard syst\u00e9mique Bases de la Psychopathologie&hellip;<\/p>\n","protected":false},"author":4,"featured_media":0,"parent":0,"menu_order":0,"comment_status":"closed","ping_status":"closed","template":"","meta":{"footnotes":""},"class_list":["post-980","page","type-page","status-publish","hentry","description-off"],"aioseo_notices":[],"_links":{"self":[{"href":"https:\/\/xn--thrapie-eau-mre-enfant-z7bm.fr\/index.php\/wp-json\/wp\/v2\/pages\/980","targetHints":{"allow":["GET"]}}],"collection":[{"href":"https:\/\/xn--thrapie-eau-mre-enfant-z7bm.fr\/index.php\/wp-json\/wp\/v2\/pages"}],"about":[{"href":"https:\/\/xn--thrapie-eau-mre-enfant-z7bm.fr\/index.php\/wp-json\/wp\/v2\/types\/page"}],"author":[{"embeddable":true,"href":"https:\/\/xn--thrapie-eau-mre-enfant-z7bm.fr\/index.php\/wp-json\/wp\/v2\/users\/4"}],"replies":[{"embeddable":true,"href":"https:\/\/xn--thrapie-eau-mre-enfant-z7bm.fr\/index.php\/wp-json\/wp\/v2\/comments?post=980"}],"version-history":[{"count":28,"href":"https:\/\/xn--thrapie-eau-mre-enfant-z7bm.fr\/index.php\/wp-json\/wp\/v2\/pages\/980\/revisions"}],"predecessor-version":[{"id":1413,"href":"https:\/\/xn--thrapie-eau-mre-enfant-z7bm.fr\/index.php\/wp-json\/wp\/v2\/pages\/980\/revisions\/1413"}],"wp:attachment":[{"href":"https:\/\/xn--thrapie-eau-mre-enfant-z7bm.fr\/index.php\/wp-json\/wp\/v2\/media?parent=980"}],"curies":[{"name":"wp","href":"https:\/\/api.w.org\/{rel}","templated":true}]}}