{"id":973,"date":"2017-02-02T15:20:47","date_gmt":"2017-02-02T14:20:47","guid":{"rendered":"https:\/\/xn--thrapie-eau-mre-enfant-z7bm.fr\/?page_id=973"},"modified":"2020-10-08T14:32:17","modified_gmt":"2020-10-08T13:32:17","slug":"formation","status":"publish","type":"page","link":"https:\/\/xn--thrapie-eau-mre-enfant-z7bm.fr\/index.php\/formation\/","title":{"rendered":"Formation \u00e0 la F\u0153toaquath\u00e9rapie<sup>\u00ae<\/sup><\/h3>"},"content":{"rendered":"<div class=\"wpb-content-wrapper\"><p>[vc_row][vc_column][vc_column_text]<\/p>\n<h3>Foetoaquath\u00e9rapie<sup>\u00ae<\/sup><\/h3>\n<p>Programme de connaissance et d\u2019apprentissage de la pratique th\u00e9rapeutique<\/p>\n<p>&nbsp;<\/p>\n<h4>4 cycles de formation depuis la d\u00e9couverte jusqu\u2019\u00e0 la pratique<\/h4>\n<p>Ces trois cycles de formation, vont permettre\u00a0:<\/p>\n<ul style=\"color: #47bcc3;\">\n<li><span style=\"color: #000000;\"><strong><a href=\"https:\/\/xn--thrapie-eau-mre-enfant-z7bm.fr\/index.php\/cycle-1-notions-de-base-de-foetoaquatherapie\/\">Cycle I<\/a>\u00a0<\/strong>: de conna\u00eetre cette m\u00e9thode de travail et d\u2019ouvrir le champs de r\u00e9flexion des th\u00e9rapeutes et soignants.<\/span><\/li>\n<li><span style=\"color: #000000;\"><a href=\"https:\/\/th\u00e9rapie-eau-m\u00e8re-enfant.fr\/index.php\/cycle-2\/\"><strong>Cycle II<\/strong><\/a>\u00a0: d\u2019approfondir cette m\u00e9thode et d\u2019en conna\u00eetre la pratique, les bases th\u00e9oriques, \u00e9thiques et d\u00e9ontologiques.<\/span><\/li>\n<li><span style=\"color: #000000;\"><strong><a href=\"https:\/\/th\u00e9rapie-eau-m\u00e8re-enfant.fr\/index.php\/cycle-3-methodologie-de-mise-pratique\/\">Cycle III<\/a>\u00a0<\/strong>: de conna\u00eetre la m\u00e9thodologie de mise en pratique.<\/span><\/li>\n<li><strong><a href=\"https:\/\/th\u00e9rapie-eau-m\u00e8re-enfant.fr\/index.php\/cycle-4-transfert-de-competences\/\">Cycle IV<\/a>\u00a0<\/strong>: <span style=\"color: #333333;\">de pratiquer cette m\u00e9thode avec supervision th\u00e9orique et pratique.<\/span><\/li>\n<\/ul>\n<p>&nbsp;<\/p>\n<p>Les cycles II \u00e0 IV ne peuvent \u00eatre suivi qu\u2019apr\u00e8s le cycle I de base.<\/p>\n<p>&nbsp;<\/p>\n<h4><\/h4>\n<h4>Devenir des stagiaires<\/h4>\n<p>La formation valid\u00e9e ouvre droit \u00e0 une attestation de formation de<\/p>\n<p><strong>Niveau 1 de F\u0153toaquath\u00e9rapie\u00a0: \u00ab\u00a0 th\u00e9orie et d\u00e9couverte de la pratique\u00a0\u00bb<\/strong><\/p>\n<p><strong>Cette attestation n\u2019autorise pas l\u2019exercice de la F\u0153toaquath\u00e9rapie.<\/strong><\/p>\n<p>&nbsp;<\/p>\n<p>&nbsp;<\/p>\n<h4>Pour pouvoir exercer la F\u0153toaquath\u00e9rapie<\/h4>\n<p>Apr\u00e8s \u00e9valuation de Marie Schmitt, il sera propos\u00e9 \u00e0 certains stagiaires une formation de niveau 2, qui consistera en plusieurs heures d\u2019assistance d\u2019une F\u0153toaquath\u00e9rapeute.<\/p>\n<p>Cette formation ouvrira droit \u00e0 une attestation\u00a0de formation<\/p>\n<p><strong>Niveau 2\u00a0de F\u0153toaquath\u00e9rapie\u00a0:\u00a0\u00ab\u00a0assistante F\u0153toaquath\u00e9rapie\u00a0<\/strong>\u00bb<\/p>\n<p>Elle permettra le travail en cabinet individuel avec supervision obligatoire.<\/p>\n<p>&nbsp;<\/p>\n<p>&nbsp;<\/p>\n<h4>Les limites th\u00e9oriques et pratiques &#8211; \u00e9thiques et d\u00e9ontologiques<\/h4>\n<p>Ces s\u00e9quences de formation sont compl\u00e9mentaires d\u2019une formation initiale de qualit\u00e9, m\u00e9dicale, param\u00e9dicale ou en psychologie\u00a0:<\/p>\n<ul>\n<li>Les deux premiers cycles de formation s\u2019adressent \u00e0 tous les professionnels des m\u00e9tiers du soin et de la relation d\u2019aide, qu\u2019ils soient en fin de cycle de formation ou confirm\u00e9s.<\/li>\n<li>Le cycle 3 emm\u00e8ne vers la pratique de la Foetoaquath\u00e9rapie<sup>\u00ae<\/sup> et n\u00e9cessite en pr\u00e9-requis, une formation m\u00e9dicale ou de psychologie reconnue par l\u2019enseignement universitaire.<\/li>\n<\/ul>\n<p>&nbsp;<\/p>\n<p>[\/vc_column_text][\/vc_column][\/vc_row]<\/p>\n<\/div>","protected":false},"excerpt":{"rendered":"<p>[vc_row][vc_column][vc_column_text] Foetoaquath\u00e9rapie\u00ae Programme de connaissance et d\u2019apprentissage de la pratique th\u00e9rapeutique &nbsp; 4 cycles de formation depuis la d\u00e9couverte jusqu\u2019\u00e0 la pratique Ces trois cycles de formation, vont permettre\u00a0: Cycle I\u00a0: de conna\u00eetre cette m\u00e9thode de travail et d\u2019ouvrir le champs de r\u00e9flexion des th\u00e9rapeutes et soignants. Cycle II\u00a0: d\u2019approfondir cette m\u00e9thode et d\u2019en conna\u00eetre&hellip;<\/p>\n","protected":false},"author":4,"featured_media":0,"parent":0,"menu_order":0,"comment_status":"closed","ping_status":"closed","template":"","meta":{"footnotes":""},"class_list":["post-973","page","type-page","status-publish","hentry","description-off"],"aioseo_notices":[],"_links":{"self":[{"href":"https:\/\/xn--thrapie-eau-mre-enfant-z7bm.fr\/index.php\/wp-json\/wp\/v2\/pages\/973","targetHints":{"allow":["GET"]}}],"collection":[{"href":"https:\/\/xn--thrapie-eau-mre-enfant-z7bm.fr\/index.php\/wp-json\/wp\/v2\/pages"}],"about":[{"href":"https:\/\/xn--thrapie-eau-mre-enfant-z7bm.fr\/index.php\/wp-json\/wp\/v2\/types\/page"}],"author":[{"embeddable":true,"href":"https:\/\/xn--thrapie-eau-mre-enfant-z7bm.fr\/index.php\/wp-json\/wp\/v2\/users\/4"}],"replies":[{"embeddable":true,"href":"https:\/\/xn--thrapie-eau-mre-enfant-z7bm.fr\/index.php\/wp-json\/wp\/v2\/comments?post=973"}],"version-history":[{"count":22,"href":"https:\/\/xn--thrapie-eau-mre-enfant-z7bm.fr\/index.php\/wp-json\/wp\/v2\/pages\/973\/revisions"}],"predecessor-version":[{"id":1396,"href":"https:\/\/xn--thrapie-eau-mre-enfant-z7bm.fr\/index.php\/wp-json\/wp\/v2\/pages\/973\/revisions\/1396"}],"wp:attachment":[{"href":"https:\/\/xn--thrapie-eau-mre-enfant-z7bm.fr\/index.php\/wp-json\/wp\/v2\/media?parent=973"}],"curies":[{"name":"wp","href":"https:\/\/api.w.org\/{rel}","templated":true}]}}