{"id":604,"date":"2015-10-01T09:16:45","date_gmt":"2015-10-01T08:16:45","guid":{"rendered":"https:\/\/xn--thrapie-eau-mre-enfant-z7bm.fr\/?page_id=604"},"modified":"2024-09-13T09:19:50","modified_gmt":"2024-09-13T08:19:50","slug":"en-pratique-2","status":"publish","type":"page","link":"https:\/\/xn--thrapie-eau-mre-enfant-z7bm.fr\/index.php\/en-pratique-2\/","title":{"rendered":"En pratique"},"content":{"rendered":"<div class=\"wpb-content-wrapper\"><p>[vc_row][vc_column][vc_column_text css_animation=\u00a0\u00bbtop-to-bottom\u00a0\u00bb css=\u00a0\u00bb.vc_custom_1443778349931{margin-bottom: 40px !important;}\u00a0\u00bb]<\/p>\n<h2>Votre premier rendez-vous<\/h2>\n<h4>C\u2019est un accueil-bilan psychoth\u00e9rapeutique d\u2019une heure.<\/h4>\n<p>Sous forme d\u2019entretien-jeux, c\u2019est une premi\u00e8re \u00e9tape d\u2019\u00e9coute th\u00e9rapeutique pour la famille et l\u2019enfant.<\/p>\n<p><strong>Puis un deuxi\u00e8me accueil-bilan psychoth\u00e9rapeutique d\u2019une heure <span style=\"color: #47bcc3;\"><a style=\"color: #47bcc3;\" href=\"https:\/\/xn--thrapie-eau-mre-enfant-z7bm.fr\/index.php\/methode\/\">se pratiquera dans l\u2019eau<\/a><\/span>.<\/strong><\/p>\n<p>Nous verrons ensuite s\u2019il y a lieu de poursuivre.<\/p>\n<p>Pour faciliter le premier contact, la fratrie n\u2019est pas accueillie au premier rendez-vous.<\/p>\n<p>Il est pr\u00e9f\u00e9rable que l\u2019enfant soit accompagn\u00e9 de ses 2 parents.<\/p>\n<p>Une contribution de 85 euros vous sera demand\u00e9e \u00e0 chacun des ces deux rendez-vous.<br \/>\nC\u2019est une contribution au fonctionnement de l\u2019association qui peut \u00eatre\u00a0d\u00e9ductible des imp\u00f4ts au titre de don.<\/p>\n<p>Ce montant comprend, outre la th\u00e9rapie, les temps d\u2019\u00e9change avec les parents et, si besoin, le contact avec les diff\u00e9rents intervenants m\u00e9dicaux et para m\u00e9dicaux, cr\u00e8che, \u00e9cole\u2026[\/vc_column_text][vc_separator][\/vc_column][\/vc_row][vc_row][vc_column][vc_column_text css_animation=\u00a0\u00bbtop-to-bottom\u00a0\u00bb css=\u00a0\u00bb.vc_custom_1533802300720{margin-top: 20px !important;margin-bottom: 20px !important;}\u00a0\u00bb]<strong><span class=\"widget-pane-section-info-text\">Pour toute prise de RDV contacter le 06 18 04 53 24<\/span><\/strong><\/p>\n<p>&nbsp;<\/p>\n<h2>L\u2019association \u00ab\u00a0Le jardin aquatique\u00a0\u00bb<\/h2>\n<p><strong>A\u00a0pour mission de promouvoir et d\u00e9velopper la nouvelle m\u00e9thode th\u00e9rapeutique appel\u00e9e F\u0152TOAQUATH\u00c9RAPIE <sup>\u00ae<\/sup><\/strong><\/p>\n<p>Association loi 1901, elle est financ\u00e9e par des dons, des subventions ainsi que par vos r\u00e8glements de la partie bilan.<\/p>\n<h4>Ces fonds permettent<\/h4>\n<ul style=\"color: #47bcc3;\">\n<li><span style=\"color: #000000;\">l\u2019entretien et le fonctionnement du b\u00e2timent et du bassin d\u2019accueil<\/span><\/li>\n<li><span style=\"color: #000000;\">les d\u00e9placements pour les conf\u00e9rences de promotion et de transmission de la m\u00e9thode<\/span><\/li>\n<li><span style=\"color: #000000;\">l\u2019accueil de th\u00e9rapeutes ou d\u2019\u00e9tudiants en formation et la tenue de ces s\u00e9ances de formation<\/span><\/li>\n<li><span style=\"color: #000000;\">des s\u00e9ances \u00e0 prix r\u00e9duit pour les enfants plac\u00e9s en famille d\u2019accueil et les familles d\u00e9favoris\u00e9es<\/span><\/li>\n<\/ul>\n<p>[\/vc_column_text][\/vc_column][\/vc_row]<\/p>\n<\/div>","protected":false},"excerpt":{"rendered":"<p>[vc_row][vc_column][vc_column_text css_animation=\u00a0\u00bbtop-to-bottom\u00a0\u00bb css=\u00a0\u00bb.vc_custom_1443778349931{margin-bottom: 40px !important;}\u00a0\u00bb] Votre premier rendez-vous C\u2019est un accueil-bilan psychoth\u00e9rapeutique d\u2019une heure. Sous forme d\u2019entretien-jeux, c\u2019est une premi\u00e8re \u00e9tape d\u2019\u00e9coute th\u00e9rapeutique pour la famille et l\u2019enfant. Puis un deuxi\u00e8me accueil-bilan psychoth\u00e9rapeutique d\u2019une heure se pratiquera dans l\u2019eau. Nous verrons ensuite s\u2019il y a lieu de poursuivre. Pour faciliter le premier contact, la fratrie&hellip;<\/p>\n","protected":false},"author":4,"featured_media":0,"parent":0,"menu_order":0,"comment_status":"closed","ping_status":"closed","template":"","meta":{"footnotes":""},"class_list":["post-604","page","type-page","status-publish","hentry","description-off"],"aioseo_notices":[],"_links":{"self":[{"href":"https:\/\/xn--thrapie-eau-mre-enfant-z7bm.fr\/index.php\/wp-json\/wp\/v2\/pages\/604","targetHints":{"allow":["GET"]}}],"collection":[{"href":"https:\/\/xn--thrapie-eau-mre-enfant-z7bm.fr\/index.php\/wp-json\/wp\/v2\/pages"}],"about":[{"href":"https:\/\/xn--thrapie-eau-mre-enfant-z7bm.fr\/index.php\/wp-json\/wp\/v2\/types\/page"}],"author":[{"embeddable":true,"href":"https:\/\/xn--thrapie-eau-mre-enfant-z7bm.fr\/index.php\/wp-json\/wp\/v2\/users\/4"}],"replies":[{"embeddable":true,"href":"https:\/\/xn--thrapie-eau-mre-enfant-z7bm.fr\/index.php\/wp-json\/wp\/v2\/comments?post=604"}],"version-history":[{"count":41,"href":"https:\/\/xn--thrapie-eau-mre-enfant-z7bm.fr\/index.php\/wp-json\/wp\/v2\/pages\/604\/revisions"}],"predecessor-version":[{"id":1624,"href":"https:\/\/xn--thrapie-eau-mre-enfant-z7bm.fr\/index.php\/wp-json\/wp\/v2\/pages\/604\/revisions\/1624"}],"wp:attachment":[{"href":"https:\/\/xn--thrapie-eau-mre-enfant-z7bm.fr\/index.php\/wp-json\/wp\/v2\/media?parent=604"}],"curies":[{"name":"wp","href":"https:\/\/api.w.org\/{rel}","templated":true}]}}