{"id":6,"date":"2015-08-19T15:53:39","date_gmt":"2015-08-19T14:53:39","guid":{"rendered":"https:\/\/xn--thrapie-eau-mre-enfant-z7bm.fr\/?page_id=6"},"modified":"2024-09-03T14:01:16","modified_gmt":"2024-09-03T13:01:16","slug":"votre-enfant","status":"publish","type":"page","link":"https:\/\/xn--thrapie-eau-mre-enfant-z7bm.fr\/index.php\/votre-enfant\/","title":{"rendered":"Votre enfant"},"content":{"rendered":"<h2><span class=\"s2\">Vous ressentez le besoin d\u2019un accompagnement,<br \/>\nvous avez besoin d\u2019une plus grande compr\u00e9hension<br \/>\nde votre enfant et de ses comportements<\/span><\/h2>\n<h4><span class=\"s2\">Votre enfant a des troubles que vous n\u2019arrivez pas \u00e0 expliquer<\/span><\/h4>\n<ul style=\"color: #47bcc3;\">\n<li><span style=\"color: #000000;\">Endormissement, sommeil<\/span><\/li>\n<li><span style=\"color: #000000;\">Comportement (col\u00e8res, agressivit\u00e9\u2026)<\/span><\/li>\n<li><span style=\"color: #000000;\">Alimentation<\/span><\/li>\n<li><span style=\"color: #000000;\">Langage<\/span><\/li>\n<li><span style=\"color: #000000;\">Addiction \u00e0 la succion (pouce, t\u00e9tine\u2026)<\/span><\/li>\n<li><span style=\"color: #000000;\">Relation (avec les adultes ou les enfants\u2026)<\/span><\/li>\n<li><span style=\"color: #000000;\">Liens d\u2019attachement (parent-enfant)<\/span><\/li>\n<\/ul>\n<h4><i><\/i>Je propose aux parents un accueil-bilan psychoth\u00e9rapeutique avec l\u2019enfant :<br \/>\nune heure en entretien, une heure dans l\u2019eau<\/h4>\n<p><span style=\"color: #ff0000;\"><strong>Attention le num\u00e9ro du secr\u00e9tariat a chang\u00e9 ! Nouveau contact : 06 18 04 53 24<\/strong><\/span><\/p>\n","protected":false},"excerpt":{"rendered":"<p>Vous ressentez le besoin d\u2019un accompagnement, vous avez besoin d\u2019une plus grande compr\u00e9hension de votre enfant et de ses comportements Votre enfant a des troubles que vous n\u2019arrivez pas \u00e0 expliquer Endormissement, sommeil Comportement (col\u00e8res, agressivit\u00e9\u2026) Alimentation Langage Addiction \u00e0 la succion (pouce, t\u00e9tine\u2026) Relation (avec les adultes ou les enfants\u2026) Liens d\u2019attachement (parent-enfant) Je&hellip;<\/p>\n","protected":false},"author":4,"featured_media":0,"parent":0,"menu_order":0,"comment_status":"closed","ping_status":"closed","template":"","meta":{"footnotes":""},"class_list":["post-6","page","type-page","status-publish","hentry","description-off"],"aioseo_notices":[],"_links":{"self":[{"href":"https:\/\/xn--thrapie-eau-mre-enfant-z7bm.fr\/index.php\/wp-json\/wp\/v2\/pages\/6","targetHints":{"allow":["GET"]}}],"collection":[{"href":"https:\/\/xn--thrapie-eau-mre-enfant-z7bm.fr\/index.php\/wp-json\/wp\/v2\/pages"}],"about":[{"href":"https:\/\/xn--thrapie-eau-mre-enfant-z7bm.fr\/index.php\/wp-json\/wp\/v2\/types\/page"}],"author":[{"embeddable":true,"href":"https:\/\/xn--thrapie-eau-mre-enfant-z7bm.fr\/index.php\/wp-json\/wp\/v2\/users\/4"}],"replies":[{"embeddable":true,"href":"https:\/\/xn--thrapie-eau-mre-enfant-z7bm.fr\/index.php\/wp-json\/wp\/v2\/comments?post=6"}],"version-history":[{"count":19,"href":"https:\/\/xn--thrapie-eau-mre-enfant-z7bm.fr\/index.php\/wp-json\/wp\/v2\/pages\/6\/revisions"}],"predecessor-version":[{"id":1594,"href":"https:\/\/xn--thrapie-eau-mre-enfant-z7bm.fr\/index.php\/wp-json\/wp\/v2\/pages\/6\/revisions\/1594"}],"wp:attachment":[{"href":"https:\/\/xn--thrapie-eau-mre-enfant-z7bm.fr\/index.php\/wp-json\/wp\/v2\/media?parent=6"}],"curies":[{"name":"wp","href":"https:\/\/api.w.org\/{rel}","templated":true}]}}