{"id":578,"date":"2015-09-30T14:55:13","date_gmt":"2015-09-30T13:55:13","guid":{"rendered":"https:\/\/xn--thrapie-eau-mre-enfant-z7bm.fr\/?page_id=578"},"modified":"2024-11-14T18:22:44","modified_gmt":"2024-11-14T17:22:44","slug":"infos-legales","status":"publish","type":"page","link":"https:\/\/xn--thrapie-eau-mre-enfant-z7bm.fr\/index.php\/infos-legales\/","title":{"rendered":"Infos l\u00e9gales"},"content":{"rendered":"<div class=\"wpb-content-wrapper\"><p>[vc_row][vc_column width=\u00a0\u00bb1\/3&Prime;][vc_column_text]<strong>\u00c9diteur du site<\/strong><\/p>\n<p><a href=\"https:\/\/xn--thrapie-eau-mre-enfant-z7bm.fr\"><img loading=\"lazy\" decoding=\"async\" class=\"size-full wp-image-353 alignnone\" src=\"https:\/\/xn--thrapie-eau-mre-enfant-z7bm.fr\/wp-content\/uploads\/2015\/09\/LOGO-JA-53.png\" alt=\"LOGO-JA-53\" width=\"278\" height=\"78\" \/><\/a><br \/>\n7 Impasse du Souvenir<br \/>\n34170 Castelnau-le-Lez<br \/>\n<strong style=\"line-height: 1.5;\">T\u00e9l. <strong>06 18 04 53 24<\/strong><\/strong><\/p>\n<p><strong>Responsable de la publication<br \/>\n<\/strong>Marie SCHMITT<\/p>\n<p><strong>Cr\u00e9dit photos<br \/>\n<\/strong>Leila DUCLOS, Marie SCHMITT, \u00c9ric FALCONETTI[\/vc_column_text][\/vc_column][vc_column width=\u00a0\u00bb1\/3&Prime;][vc_column_text]<strong>Webmaster<br \/>\n<\/strong><a href=\"https:\/\/et-com.fr\"><img loading=\"lazy\" decoding=\"async\" class=\" wp-image-580 alignnone\" src=\"https:\/\/xn--thrapie-eau-mre-enfant-z7bm.fr\/wp-content\/uploads\/2015\/09\/ETINTERNET.png\" alt=\"ETINTERNET\" width=\"140\" height=\"45\" \/><\/a><br \/>\n<strong style=\"line-height: 1.5;\">&amp;com<\/strong><span style=\"line-height: 1.5;\"> &#8211; COPSI m\u00e9dias<br \/>\n<\/span>2 rue du Barri<br \/>\n84240 La Bastide-des-Jourdans<\/p>\n<p><strong>T\u00e9l\u00e9phones :<\/strong><br \/>\nFixe : \u202d<strong>\u202d09 51 72 01 63\u202c<\/strong><br \/>\nMobile :\u00a0<strong>06 66 19 80 65\u202c<\/strong><br \/>\nSite :\u00a0<span style=\"color: #47bcc3;\"><strong><a style=\"color: #47bcc3;\" href=\"https:\/\/et-com.fr\">et-com.fr<\/a><\/strong><\/span>[\/vc_column_text][\/vc_column][vc_column width=\u00a0\u00bb1\/3&Prime;][vc_column_text]<strong>H\u00e9bergement<\/strong><br \/>\n<a href=\"https:\/\/ovh.com\"><img loading=\"lazy\" decoding=\"async\" class=\"size-full wp-image-581 alignnone\" src=\"https:\/\/xn--thrapie-eau-mre-enfant-z7bm.fr\/wp-content\/uploads\/2015\/09\/logo-OVH.png\" alt=\"logo-OVH\" width=\"281\" height=\"53\" \/><\/a><br \/>\nSARL au capital de 10 000 \u20ac<br \/>\nSAS au capital de 10 000 000 \u20ac<\/p>\n<p><strong>Si\u00e8ge Social<br \/>\n<\/strong>Si\u00e8ge social : 2 rue Kellermann &#8211; 59100 Roubaix &#8211; France.<\/p>\n<p>RCS Lille M\u00e9tropole 424 761 419 00045<br \/>\nCode APE 6202A<br \/>\nN\u00b0 TVA : FR 22 424 761 419[\/vc_column_text][\/vc_column][\/vc_row][vc_row][vc_column][vc_column_text]<em>L&rsquo;ensemble de ce site rel\u00e8ve des l\u00e9gislations fran\u00e7aises et internationales sur le droit d&rsquo;auteur et la propri\u00e9t\u00e9 intellectuelle.<\/em><br \/>\n<em> Tous les droits de reproduction sont r\u00e9serv\u00e9s, y compris pour les documents iconographiques et photographiques.<\/em><\/p>\n<p class=\"p1\"><em><span class=\"s1\">Nous <\/span>nous engageons <span class=\"s1\">\u00e0 <\/span>ne <span class=\"s1\">pas <\/span>divulger d&rsquo;<span class=\"s2\">i<\/span>nformations <span class=\"s3\">personnelles <\/span><span class=\"s3\">vous <\/span>concernant \u00e0 des <span class=\"s3\">tiers.<br \/>\n<\/span><\/em><em><span class=\"s4\">Tou<\/span><span class=\"s3\">tefois, <\/span>vous disposez d<span class=\"s2\">&lsquo;<\/span>un droi<span class=\"s5\">t <\/span>d<span class=\"s2\">&lsquo;<\/span>acc\u00e8s, de modification, de rectification <span class=\"s3\">et de <\/span>suppress<span class=\"s2\">i<\/span>on des donn\u00e9es qui <span class=\"s3\">vous <\/span>concernen<span class=\"s5\">t <\/span><span class=\"s3\">(art<\/span><span class=\"s2\">. <\/span><span class=\"s3\">34 <\/span>de la <span class=\"s4\">l<\/span><span class=\"s3\">oi \u00ab\u00a0<\/span><span class=\"s4\">informa<\/span><span class=\"s5\">t<\/span>ique et libert\u00e9s\u00a0\u00bb).<br \/>\n<\/em><em><span class=\"s4\">Pour <\/span>l&rsquo;exercer, <span class=\"s3\">n<\/span><span class=\"s2\">&lsquo;<\/span>h\u00e9s<span class=\"s5\">it<\/span>ez pas \u00e0 <span class=\"s3\">nous <\/span>contacter.<\/em><\/p>\n<p>[\/vc_column_text][\/vc_column][\/vc_row]<\/p>\n<\/div>","protected":false},"excerpt":{"rendered":"<p>[vc_row][vc_column width=\u00a0\u00bb1\/3&Prime;][vc_column_text]\u00c9diteur du site 7 Impasse du Souvenir 34170 Castelnau-le-Lez T\u00e9l. 06 18 04 53 24 Responsable de la publication Marie SCHMITT Cr\u00e9dit photos Leila DUCLOS, Marie SCHMITT, \u00c9ric FALCONETTI[\/vc_column_text][\/vc_column][vc_column width=\u00a0\u00bb1\/3&Prime;][vc_column_text]Webmaster &amp;com &#8211; COPSI m\u00e9dias 2 rue du Barri 84240 La Bastide-des-Jourdans T\u00e9l\u00e9phones : Fixe : \u202d\u202d09 51 72 01 63\u202c Mobile :\u00a006 66 19&hellip;<\/p>\n","protected":false},"author":4,"featured_media":0,"parent":0,"menu_order":0,"comment_status":"closed","ping_status":"closed","template":"","meta":{"footnotes":""},"class_list":["post-578","page","type-page","status-publish","hentry","description-off"],"aioseo_notices":[],"_links":{"self":[{"href":"https:\/\/xn--thrapie-eau-mre-enfant-z7bm.fr\/index.php\/wp-json\/wp\/v2\/pages\/578","targetHints":{"allow":["GET"]}}],"collection":[{"href":"https:\/\/xn--thrapie-eau-mre-enfant-z7bm.fr\/index.php\/wp-json\/wp\/v2\/pages"}],"about":[{"href":"https:\/\/xn--thrapie-eau-mre-enfant-z7bm.fr\/index.php\/wp-json\/wp\/v2\/types\/page"}],"author":[{"embeddable":true,"href":"https:\/\/xn--thrapie-eau-mre-enfant-z7bm.fr\/index.php\/wp-json\/wp\/v2\/users\/4"}],"replies":[{"embeddable":true,"href":"https:\/\/xn--thrapie-eau-mre-enfant-z7bm.fr\/index.php\/wp-json\/wp\/v2\/comments?post=578"}],"version-history":[{"count":17,"href":"https:\/\/xn--thrapie-eau-mre-enfant-z7bm.fr\/index.php\/wp-json\/wp\/v2\/pages\/578\/revisions"}],"predecessor-version":[{"id":1627,"href":"https:\/\/xn--thrapie-eau-mre-enfant-z7bm.fr\/index.php\/wp-json\/wp\/v2\/pages\/578\/revisions\/1627"}],"wp:attachment":[{"href":"https:\/\/xn--thrapie-eau-mre-enfant-z7bm.fr\/index.php\/wp-json\/wp\/v2\/media?parent=578"}],"curies":[{"name":"wp","href":"https:\/\/api.w.org\/{rel}","templated":true}]}}