{"id":338,"date":"2015-09-14T16:34:57","date_gmt":"2015-09-14T15:34:57","guid":{"rendered":"https:\/\/xn--thrapie-eau-mre-enfant-z7bm.fr\/?page_id=338"},"modified":"2018-04-06T13:14:06","modified_gmt":"2018-04-06T12:14:06","slug":"lassociation","status":"publish","type":"page","link":"https:\/\/xn--thrapie-eau-mre-enfant-z7bm.fr\/index.php\/lassociation\/","title":{"rendered":"L\u2019association"},"content":{"rendered":"<h2>L\u2019association \u00ab&nbsp;Le jardin aquatique&nbsp;\u00bb<\/h2>\n<p><strong>Elle a pour mission de promouvoir et d\u00e9velopper la nouvelle m\u00e9thode th\u00e9rapeutique appel\u00e9e F\u0152TOAQUATH\u00c9RAPIE <sup>\u00ae<\/sup><\/strong><\/p>\n<p>Association loi 1901, elle est financ\u00e9e par des dons, des subventions ainsi que par vos r\u00e8glements de la partie bilan.<\/p>\n<h4>Ces fonds permettent<\/h4>\n<ul style=\"color: #47bcc3;\">\n<li><span style=\"color: #000000;\">l\u2019entretien et le fonctionnement du b\u00e2timent et du bassin d\u2019accueil<\/span><\/li>\n<li><span style=\"color: #000000;\">les d\u00e9placements pour les conf\u00e9rences de promotion et de transmission de la m\u00e9thode<\/span><\/li>\n<li><span style=\"color: #000000;\">l\u2019accueil de th\u00e9rapeutes ou d\u2019\u00e9tudiants en formation et la tenue de ces s\u00e9ances de formation<\/span><\/li>\n<li><span style=\"color: #000000;\">des s\u00e9ances \u00e0 prix r\u00e9duit pour les enfants plac\u00e9s en famille d\u2019accueil et les familles d\u00e9favoris\u00e9es<\/span><\/li>\n<\/ul>\n","protected":false},"excerpt":{"rendered":"<p>L\u2019association \u00ab&nbsp;Le jardin aquatique&nbsp;\u00bb Elle a pour mission de promouvoir et d\u00e9velopper la nouvelle m\u00e9thode th\u00e9rapeutique appel\u00e9e F\u0152TOAQUATH\u00c9RAPIE \u00ae Association loi 1901, elle est financ\u00e9e par des dons, des subventions ainsi que par vos r\u00e8glements de la partie bilan. Ces fonds permettent l\u2019entretien et le fonctionnement du b\u00e2timent et du bassin d\u2019accueil les d\u00e9placements pour&hellip;<\/p>\n","protected":false},"author":4,"featured_media":0,"parent":0,"menu_order":0,"comment_status":"closed","ping_status":"closed","template":"","meta":{"footnotes":""},"class_list":["post-338","page","type-page","status-publish","hentry","description-off"],"aioseo_notices":[],"_links":{"self":[{"href":"https:\/\/xn--thrapie-eau-mre-enfant-z7bm.fr\/index.php\/wp-json\/wp\/v2\/pages\/338","targetHints":{"allow":["GET"]}}],"collection":[{"href":"https:\/\/xn--thrapie-eau-mre-enfant-z7bm.fr\/index.php\/wp-json\/wp\/v2\/pages"}],"about":[{"href":"https:\/\/xn--thrapie-eau-mre-enfant-z7bm.fr\/index.php\/wp-json\/wp\/v2\/types\/page"}],"author":[{"embeddable":true,"href":"https:\/\/xn--thrapie-eau-mre-enfant-z7bm.fr\/index.php\/wp-json\/wp\/v2\/users\/4"}],"replies":[{"embeddable":true,"href":"https:\/\/xn--thrapie-eau-mre-enfant-z7bm.fr\/index.php\/wp-json\/wp\/v2\/comments?post=338"}],"version-history":[{"count":9,"href":"https:\/\/xn--thrapie-eau-mre-enfant-z7bm.fr\/index.php\/wp-json\/wp\/v2\/pages\/338\/revisions"}],"predecessor-version":[{"id":1116,"href":"https:\/\/xn--thrapie-eau-mre-enfant-z7bm.fr\/index.php\/wp-json\/wp\/v2\/pages\/338\/revisions\/1116"}],"wp:attachment":[{"href":"https:\/\/xn--thrapie-eau-mre-enfant-z7bm.fr\/index.php\/wp-json\/wp\/v2\/media?parent=338"}],"curies":[{"name":"wp","href":"https:\/\/api.w.org\/{rel}","templated":true}]}}