{"id":330,"date":"2015-09-14T16:19:52","date_gmt":"2015-09-14T15:19:52","guid":{"rendered":"https:\/\/xn--thrapie-eau-mre-enfant-z7bm.fr\/?page_id=330"},"modified":"2024-09-03T14:04:13","modified_gmt":"2024-09-03T13:04:13","slug":"votre-premier-rendez-vous","status":"publish","type":"page","link":"https:\/\/xn--thrapie-eau-mre-enfant-z7bm.fr\/index.php\/votre-premier-rendez-vous\/","title":{"rendered":"Votre premier rendez-vous"},"content":{"rendered":"<h2>C\u2019est un accueil-bilan psychoth\u00e9rapeutique d\u2019une heure<\/h2>\n<p><span style=\"color: #ff0000;\"><strong>Attention le num\u00e9ro du secr\u00e9tariat a chang\u00e9 ! Nouveau contact : 06 18 04 53 24<\/strong><\/span><\/p>\n<p>Sous forme d\u2019entretien-jeux, c\u2019est une premi\u00e8re \u00e9tape d\u2019\u00e9coute th\u00e9rapeutique pour la famille et l\u2019enfant.<\/p>\n<p><strong>Puis un deuxi\u00e8me accueil-bilan psychoth\u00e9rapeutique d\u2019une heure <a href=\"https:\/\/xn--thrapie-eau-mre-enfant-z7bm.fr\/index.php\/le-processus-therapeutique\/\">se pratiquera dans l\u2019eau.<\/a><\/strong><\/p>\n<h4>Nous verrons ensuite s\u2019il y a lieu de poursuivre<\/h4>\n<p>Pour faciliter le premier contact, la fratrie n\u2019est pas accueillie au premier rendez-vous.<\/p>\n<p>Il est pr\u00e9f\u00e9rable que l\u2019enfant soit accompagn\u00e9 de ses 2 parents.<\/p>\n<p>Une contribution de 85 euros vous sera demand\u00e9e \u00e0 chacun des ces deux rendez-vous.<br \/>\nC\u2019est une contribution au fonctionnement de l\u2019association qui peut \u00eatre d\u00e9ductible des imp\u00f4ts au titre de don.<\/p>\n<p>Ce montant comprend, outre la th\u00e9rapie, les temps d\u2019\u00e9change avec les parents et, si besoin, le contact avec les diff\u00e9rents intervenants m\u00e9dicaux et para m\u00e9dicaux, cr\u00e8che, \u00e9cole\u2026<\/p>\n","protected":false},"excerpt":{"rendered":"<p>C\u2019est un accueil-bilan psychoth\u00e9rapeutique d\u2019une heure Attention le num\u00e9ro du secr\u00e9tariat a chang\u00e9 ! Nouveau contact : 06 18 04 53 24 Sous forme d\u2019entretien-jeux, c\u2019est une premi\u00e8re \u00e9tape d\u2019\u00e9coute th\u00e9rapeutique pour la famille et l\u2019enfant. Puis un deuxi\u00e8me accueil-bilan psychoth\u00e9rapeutique d\u2019une heure se pratiquera dans l\u2019eau. Nous verrons ensuite s\u2019il y a lieu de&hellip;<\/p>\n","protected":false},"author":4,"featured_media":0,"parent":0,"menu_order":0,"comment_status":"closed","ping_status":"closed","template":"","meta":{"footnotes":""},"class_list":["post-330","page","type-page","status-publish","hentry","description-off"],"aioseo_notices":[],"_links":{"self":[{"href":"https:\/\/xn--thrapie-eau-mre-enfant-z7bm.fr\/index.php\/wp-json\/wp\/v2\/pages\/330","targetHints":{"allow":["GET"]}}],"collection":[{"href":"https:\/\/xn--thrapie-eau-mre-enfant-z7bm.fr\/index.php\/wp-json\/wp\/v2\/pages"}],"about":[{"href":"https:\/\/xn--thrapie-eau-mre-enfant-z7bm.fr\/index.php\/wp-json\/wp\/v2\/types\/page"}],"author":[{"embeddable":true,"href":"https:\/\/xn--thrapie-eau-mre-enfant-z7bm.fr\/index.php\/wp-json\/wp\/v2\/users\/4"}],"replies":[{"embeddable":true,"href":"https:\/\/xn--thrapie-eau-mre-enfant-z7bm.fr\/index.php\/wp-json\/wp\/v2\/comments?post=330"}],"version-history":[{"count":15,"href":"https:\/\/xn--thrapie-eau-mre-enfant-z7bm.fr\/index.php\/wp-json\/wp\/v2\/pages\/330\/revisions"}],"predecessor-version":[{"id":1597,"href":"https:\/\/xn--thrapie-eau-mre-enfant-z7bm.fr\/index.php\/wp-json\/wp\/v2\/pages\/330\/revisions\/1597"}],"wp:attachment":[{"href":"https:\/\/xn--thrapie-eau-mre-enfant-z7bm.fr\/index.php\/wp-json\/wp\/v2\/media?parent=330"}],"curies":[{"name":"wp","href":"https:\/\/api.w.org\/{rel}","templated":true}]}}