{"id":325,"date":"2015-09-14T16:15:44","date_gmt":"2015-09-14T15:15:44","guid":{"rendered":"https:\/\/xn--thrapie-eau-mre-enfant-z7bm.fr\/?page_id=325"},"modified":"2018-04-06T13:14:06","modified_gmt":"2018-04-06T12:14:06","slug":"methode","status":"publish","type":"page","link":"https:\/\/xn--thrapie-eau-mre-enfant-z7bm.fr\/index.php\/methode\/","title":{"rendered":"M\u00e9thode"},"content":{"rendered":"<p><strong>Je centre ma pratique et ma recherche sur l\u2019exp\u00e9rience et la m\u00e9moire de la peau dans certains \u00e9tats infantiles o\u00f9 les possibilit\u00e9s de rencontre et de relation affective&nbsp;ont \u00e9t\u00e9 alt\u00e9r\u00e9es : autisme, anorexie du nourrisson, deuil, d\u00e9pression pr\u00e9coce.<\/strong><\/p>\n<p>En trente ans de pratique, la F\u0153toaquath\u00e9rapie<sup>\u00ae<\/sup>&nbsp;a pu v\u00e9rifier l\u2019hypoth\u00e8se qu\u2019une m\u00e9moire d\u2019impr\u00e9gnation physique et psychique s\u2019inscrit dans le cerveau du f\u0153tus et fonde tr\u00e8s t\u00f4t les m\u00e9moires d\u2019attachement.<br \/>\nIN UTERO, l\u2019\u00e9volution motrice f\u0153tale s\u2019organise r\u00e9ellement en fonction du milieu physique, base de l\u2019\u00e9volution psychique.<br \/>\nL\u2019exp\u00e9rience&nbsp;\u00ab&nbsp;d\u2019alt\u00e9rit\u00e9&nbsp;\u00bb entre le b\u00e9b\u00e9 et l\u2019autre s\u2019apprend dans la p\u00e9riode f\u0153tale, elle pr\u00e9pare le lien d\u2019attachement et \u00ab&nbsp;d\u2019attention conjointe&nbsp;\u00bb qui na\u00eetra dans la toute premi\u00e8re p\u00e9riode post-natale, avant un mois.<\/p>\n<p>La F\u0153toaquath\u00e9rapie<sup>\u00ae<\/sup> pr\u00e9suppose que, d\u00e8s le second trimestre de gestation, le f\u0153tus peut donner sens aux ressentis. Les \u00e9changes avec sa m\u00e8re deviennent des comportements conscients ou pr\u00e9conscients et sont donc accessibles aux diff\u00e9rentes m\u00e9moires&nbsp;: somesth\u00e9siques, spatiales, gustatives, olfactives et visuelles.<\/p>\n<p>&nbsp;<\/p>\n<h4>LES TROIS P\u00c9RIODES CL\u00c9S de la F\u0153toaquath\u00e9rapie<sup>\u00ae<\/sup><\/h4>\n<p>In utero, les fins&nbsp;du troisi\u00e8me, du cinqui\u00e8me et du septi\u00e8me mois de gestation d\u00e9terminent une certaine maturit\u00e9 des trois m\u00e9moires affectives successivement&nbsp;et inter-activement d\u00e9velopp\u00e9es&nbsp;:<\/p>\n<ul style=\"color: #47bcc3;\">\n<li><span style=\"color: #000000;\"><strong>m\u00e9moires de soutenance<\/strong><\/span><\/li>\n<li><span style=\"color: #000000;\"><strong>m\u00e9moires de contenance<\/strong><\/span><\/li>\n<li><span style=\"color: #000000;\"><strong>m\u00e9moires de signifiance<\/strong><\/span><\/li>\n<\/ul>\n<p>Ces 3 maturations, \u00e9veill\u00e9es par les sensorialit\u00e9s f\u0153tales et impr\u00e9gn\u00e9es du v\u00e9cu \u00e9motionnel de la m\u00e8re, s\u2019effectuent dans une \u00ab&nbsp;unit\u00e9 espace-temps gestationnelle&nbsp;\u00bb, qui rythme le d\u00e9veloppement physiologique et c\u00e9r\u00e9bral de l\u2019enfant.<\/p>\n<p>La foetoaquath\u00e9rapie cr\u00e9e un lien transitionnel et facilitateur.<br \/>\nL&rsquo;implication du corps du th\u00e9rapeute est indispensable. Le partage affectif est n\u00e9cessaire&nbsp;; il est s\u00e9curis\u00e9 par les gestes v\u00e9rifi\u00e9s et codifi\u00e9s d&rsquo;une longue pratique .<br \/>\nLa F\u0153toaquath\u00e9rapie<sup>\u00ae<\/sup> r\u00e9active les m\u00e9moires des premiers liens d\u2019attachement et de s\u00e9paration ant\u00e9nataux et post-nataux, qui caract\u00e9risent la construction des enveloppes psychiques.<\/p>\n<p>&nbsp;<\/p>\n<h4>C&rsquo;est une v\u00e9ritable s\u00e9miologie de la rencontre.<\/h4>\n","protected":false},"excerpt":{"rendered":"<p>Je centre ma pratique et ma recherche sur l\u2019exp\u00e9rience et la m\u00e9moire de la peau dans certains \u00e9tats infantiles o\u00f9 les possibilit\u00e9s de rencontre et de relation affective&nbsp;ont \u00e9t\u00e9 alt\u00e9r\u00e9es : autisme, anorexie du nourrisson, deuil, d\u00e9pression pr\u00e9coce. En trente ans de pratique, la F\u0153toaquath\u00e9rapie\u00ae&nbsp;a pu v\u00e9rifier l\u2019hypoth\u00e8se qu\u2019une m\u00e9moire d\u2019impr\u00e9gnation physique et psychique s\u2019inscrit&hellip;<\/p>\n","protected":false},"author":4,"featured_media":0,"parent":0,"menu_order":0,"comment_status":"closed","ping_status":"closed","template":"","meta":{"footnotes":""},"class_list":["post-325","page","type-page","status-publish","hentry","description-off"],"aioseo_notices":[],"_links":{"self":[{"href":"https:\/\/xn--thrapie-eau-mre-enfant-z7bm.fr\/index.php\/wp-json\/wp\/v2\/pages\/325","targetHints":{"allow":["GET"]}}],"collection":[{"href":"https:\/\/xn--thrapie-eau-mre-enfant-z7bm.fr\/index.php\/wp-json\/wp\/v2\/pages"}],"about":[{"href":"https:\/\/xn--thrapie-eau-mre-enfant-z7bm.fr\/index.php\/wp-json\/wp\/v2\/types\/page"}],"author":[{"embeddable":true,"href":"https:\/\/xn--thrapie-eau-mre-enfant-z7bm.fr\/index.php\/wp-json\/wp\/v2\/users\/4"}],"replies":[{"embeddable":true,"href":"https:\/\/xn--thrapie-eau-mre-enfant-z7bm.fr\/index.php\/wp-json\/wp\/v2\/comments?post=325"}],"version-history":[{"count":22,"href":"https:\/\/xn--thrapie-eau-mre-enfant-z7bm.fr\/index.php\/wp-json\/wp\/v2\/pages\/325\/revisions"}],"predecessor-version":[{"id":1099,"href":"https:\/\/xn--thrapie-eau-mre-enfant-z7bm.fr\/index.php\/wp-json\/wp\/v2\/pages\/325\/revisions\/1099"}],"wp:attachment":[{"href":"https:\/\/xn--thrapie-eau-mre-enfant-z7bm.fr\/index.php\/wp-json\/wp\/v2\/media?parent=325"}],"curies":[{"name":"wp","href":"https:\/\/api.w.org\/{rel}","templated":true}]}}