{"id":322,"date":"2015-09-14T16:15:02","date_gmt":"2015-09-14T15:15:02","guid":{"rendered":"https:\/\/xn--thrapie-eau-mre-enfant-z7bm.fr\/?page_id=322"},"modified":"2024-09-03T14:00:14","modified_gmt":"2024-09-03T13:00:14","slug":"foetoaquatherapie","status":"publish","type":"page","link":"https:\/\/xn--thrapie-eau-mre-enfant-z7bm.fr\/index.php\/foetoaquatherapie\/","title":{"rendered":"F\u0153toaquath\u00e9rapie<sup>\u00ae<\/sup>"},"content":{"rendered":"<h1>\u00ab Une s\u00e9miologie de la rencontre \u00bb<\/h1>\n<h4>\u00ab une nouvelle th\u00e9rapie de l\u2019attachement et des m\u00e9moires f\u0153tales \u00bb<\/h4>\n<p>La F\u0153toaquath\u00e9rapie<sup>\u00ae<\/sup> est un accompagnement familial permettant une r\u00e9organisation des apprentissages arr\u00eat\u00e9s au cours du d\u00e9veloppement pr\u00e9coce de l\u2019enfant.<br \/>\nGr\u00e2ce \u00e0 une nouvelle \u00e9coute affective sp\u00e9cifique, notre m\u00e9thode permet de rep\u00e9rer ces arr\u00eats et d\u2019en pr\u00e9venir les cons\u00e9quences intra-familiales.<br \/>\nN\u2019\u00e9veillant aucune r\u00e9gression, elle cr\u00e9e un lien transitionnel et facilitateur dans la relation parent-enfant.<\/p>\n<p><strong>La F\u0153toaquath\u00e9rapie<sup>\u00ae<\/sup> est particuli\u00e8rement adapt\u00e9e aux nourrissons et jeunes enfants pr\u00e9sentant d\u00e8s la naissance des troubles divers, le plus souvent d\u2019origine psychoaffective.<\/strong><\/p>\n<p>En trente cinq ans de pratique, nous avons pu v\u00e9rifier l\u2019hypoth\u00e8se qu\u2019une empreinte physique et psychique s\u2019inscrit dans le cerveau du f\u0153tus et fonde tr\u00e8s t\u00f4t les m\u00e9moires d\u2019attachement.<br \/>\nLa participation active de l&rsquo;enfant est sollicit\u00e9e pour r\u00e9activer et r\u00e9-\u00e9quilibrer ces m\u00e9moires des premiers liens affectifs.<\/p>\n<h4>Cette nouvelle th\u00e9rapie se pratique dans l\u2019eau.<\/h4>\n<p>Une longue exp\u00e9rience a permis d\u2019en s\u00e9curiser la m\u00e9thode par des gestes v\u00e9rifi\u00e9s et codifi\u00e9s.<br \/>\nElle est reconnue par diff\u00e9rents milieux de soins du secteur p\u00e9diatrique et p\u00e9dopsychiatrique, qui en sont les principaux prescripteurs.<\/p>\n<p>La F\u0153toaquath\u00e9rapie<sup>\u00ae<\/sup> est d\u00e9pos\u00e9e \u00e0 l\u2019Institut National de la Propri\u00e9t\u00e9 Industrielle (INPI) depuis 2005.<\/p>\n<p><span style=\"color: #ff0000;\"><strong>Attention le num\u00e9ro du secr\u00e9tariat a chang\u00e9 ! Nouveau contact : 06 18 04 53 24<\/strong><\/span><\/p>\n","protected":false},"excerpt":{"rendered":"<p>\u00ab Une s\u00e9miologie de la rencontre \u00bb \u00ab une nouvelle th\u00e9rapie de l\u2019attachement et des m\u00e9moires f\u0153tales \u00bb La F\u0153toaquath\u00e9rapie\u00ae est un accompagnement familial permettant une r\u00e9organisation des apprentissages arr\u00eat\u00e9s au cours du d\u00e9veloppement pr\u00e9coce de l\u2019enfant. Gr\u00e2ce \u00e0 une nouvelle \u00e9coute affective sp\u00e9cifique, notre m\u00e9thode permet de rep\u00e9rer ces arr\u00eats et d\u2019en pr\u00e9venir les&hellip;<\/p>\n","protected":false},"author":4,"featured_media":0,"parent":0,"menu_order":0,"comment_status":"closed","ping_status":"closed","template":"","meta":{"footnotes":""},"class_list":["post-322","page","type-page","status-publish","hentry","description-off"],"aioseo_notices":[],"_links":{"self":[{"href":"https:\/\/xn--thrapie-eau-mre-enfant-z7bm.fr\/index.php\/wp-json\/wp\/v2\/pages\/322","targetHints":{"allow":["GET"]}}],"collection":[{"href":"https:\/\/xn--thrapie-eau-mre-enfant-z7bm.fr\/index.php\/wp-json\/wp\/v2\/pages"}],"about":[{"href":"https:\/\/xn--thrapie-eau-mre-enfant-z7bm.fr\/index.php\/wp-json\/wp\/v2\/types\/page"}],"author":[{"embeddable":true,"href":"https:\/\/xn--thrapie-eau-mre-enfant-z7bm.fr\/index.php\/wp-json\/wp\/v2\/users\/4"}],"replies":[{"embeddable":true,"href":"https:\/\/xn--thrapie-eau-mre-enfant-z7bm.fr\/index.php\/wp-json\/wp\/v2\/comments?post=322"}],"version-history":[{"count":15,"href":"https:\/\/xn--thrapie-eau-mre-enfant-z7bm.fr\/index.php\/wp-json\/wp\/v2\/pages\/322\/revisions"}],"predecessor-version":[{"id":1593,"href":"https:\/\/xn--thrapie-eau-mre-enfant-z7bm.fr\/index.php\/wp-json\/wp\/v2\/pages\/322\/revisions\/1593"}],"wp:attachment":[{"href":"https:\/\/xn--thrapie-eau-mre-enfant-z7bm.fr\/index.php\/wp-json\/wp\/v2\/media?parent=322"}],"curies":[{"name":"wp","href":"https:\/\/api.w.org\/{rel}","templated":true}]}}