{"id":320,"date":"2015-09-14T16:14:13","date_gmt":"2015-09-14T15:14:13","guid":{"rendered":"https:\/\/xn--thrapie-eau-mre-enfant-z7bm.fr\/?page_id=320"},"modified":"2024-09-03T14:01:58","modified_gmt":"2024-09-03T13:01:58","slug":"votre-grossesse","status":"publish","type":"page","link":"https:\/\/xn--thrapie-eau-mre-enfant-z7bm.fr\/index.php\/votre-grossesse\/","title":{"rendered":"Votre grossesse"},"content":{"rendered":"<div class=\"wpb-content-wrapper\"><p>[vc_row][vc_column][vc_column_text]<\/p>\n<h2>Votre grossesse pr\u00e9sente des difficult\u00e9s<br \/>\nphysiques ou psychologiques<\/h2>\n<ul style=\"color: #47bcc3;\">\n<li><span style=\"color: #000000;\">Votre b\u00e9b\u00e9 accuse un retard de croissance<\/span><\/li>\n<li><span style=\"color: #000000;\">Vous risquez une interruption de grossesse<\/span><\/li>\n<li><span style=\"color: #000000;\">Vous vivez le handicap d\u2019un enfant plus grand<\/span><\/li>\n<li><span style=\"color: #000000;\">Vous vivez le deuil d\u2019un enfant ant\u00e9rieur<\/span><\/li>\n<li><span style=\"color: #000000;\">Vous vous interrogez sur votre d\u00e9sir d\u2019enfant<\/span><\/li>\n<li><span style=\"color: #000000;\">Vous traversez un moment d\u00e9pressif<\/span><\/li>\n<\/ul>\n<h4><strong>Je vous propose un accueil-bilan psychoth\u00e9rapeutique dans l\u2019eau<\/strong><\/h4>\n<p><span style=\"color: #ff0000;\"><strong>Attention le num\u00e9ro du secr\u00e9tariat a chang\u00e9 ! Nouveau contact : 06 18 04 53 24<\/strong><\/span>[\/vc_column_text][\/vc_column][\/vc_row]<\/p>\n<\/div>","protected":false},"excerpt":{"rendered":"<p>[vc_row][vc_column][vc_column_text] Votre grossesse pr\u00e9sente des difficult\u00e9s physiques ou psychologiques Votre b\u00e9b\u00e9 accuse un retard de croissance Vous risquez une interruption de grossesse Vous vivez le handicap d\u2019un enfant plus grand Vous vivez le deuil d\u2019un enfant ant\u00e9rieur Vous vous interrogez sur votre d\u00e9sir d\u2019enfant Vous traversez un moment d\u00e9pressif Je vous propose un accueil-bilan psychoth\u00e9rapeutique&hellip;<\/p>\n","protected":false},"author":4,"featured_media":0,"parent":0,"menu_order":0,"comment_status":"closed","ping_status":"closed","template":"","meta":{"footnotes":""},"class_list":["post-320","page","type-page","status-publish","hentry","description-off"],"aioseo_notices":[],"_links":{"self":[{"href":"https:\/\/xn--thrapie-eau-mre-enfant-z7bm.fr\/index.php\/wp-json\/wp\/v2\/pages\/320","targetHints":{"allow":["GET"]}}],"collection":[{"href":"https:\/\/xn--thrapie-eau-mre-enfant-z7bm.fr\/index.php\/wp-json\/wp\/v2\/pages"}],"about":[{"href":"https:\/\/xn--thrapie-eau-mre-enfant-z7bm.fr\/index.php\/wp-json\/wp\/v2\/types\/page"}],"author":[{"embeddable":true,"href":"https:\/\/xn--thrapie-eau-mre-enfant-z7bm.fr\/index.php\/wp-json\/wp\/v2\/users\/4"}],"replies":[{"embeddable":true,"href":"https:\/\/xn--thrapie-eau-mre-enfant-z7bm.fr\/index.php\/wp-json\/wp\/v2\/comments?post=320"}],"version-history":[{"count":16,"href":"https:\/\/xn--thrapie-eau-mre-enfant-z7bm.fr\/index.php\/wp-json\/wp\/v2\/pages\/320\/revisions"}],"predecessor-version":[{"id":1595,"href":"https:\/\/xn--thrapie-eau-mre-enfant-z7bm.fr\/index.php\/wp-json\/wp\/v2\/pages\/320\/revisions\/1595"}],"wp:attachment":[{"href":"https:\/\/xn--thrapie-eau-mre-enfant-z7bm.fr\/index.php\/wp-json\/wp\/v2\/media?parent=320"}],"curies":[{"name":"wp","href":"https:\/\/api.w.org\/{rel}","templated":true}]}}