{"id":2,"date":"2015-08-19T15:51:05","date_gmt":"2015-08-19T14:51:05","guid":{"rendered":"https:\/\/xn--thrapie-eau-mre-enfant-z7bm.fr\/?page_id=2"},"modified":"2024-06-10T10:06:03","modified_gmt":"2024-06-10T09:06:03","slug":"therapie-mere-enfant-leau","status":"publish","type":"page","link":"https:\/\/xn--thrapie-eau-mre-enfant-z7bm.fr\/","title":{"rendered":"Th\u00e9rapie m\u00e8re et enfant dans l&rsquo;eau"},"content":{"rendered":"<div class=\"wpb-content-wrapper\"><p>[vc_row animation=\u00a0\u00bbfade-in\u00a0\u00bb margin_top=\u00a0\u00bb0&Prime; margin_bottom=\u00a0\u00bb0&Prime; css=\u00a0\u00bb.vc_custom_1644498374744{margin-bottom: 0px !important;padding-right: 0px !important;padding-left: 0px !important;}\u00a0\u00bb][vc_column width=\u00a0\u00bb2\/6&Prime; css=\u00a0\u00bb.vc_custom_1644498381311{padding-right: 0px !important;padding-left: 0px !important;}\u00a0\u00bb][vc_raw_html css=\u00a0\u00bb.vc_custom_1649162544303{margin-bottom: -10px !important;}\u00a0\u00bb]JTNDYSUyMGhyZWYlM0QlMjJodHRwcyUzQSUyRiUyRnhuLS10aHJhcGllLWVhdS1tcmUtZW5mYW50LXo3Ym0uZnIlMkZpbmRleC5waHAlMkZmb2V0b2FxdWF0aGVyYXBpZSUyRiUyMiUyMCUzRSUzQ2ltZyUyMGNsYXNzJTNEJTIyYWxpZ25jZW50ZXIlMjIlMkMlMjAlMjJtYXJnaW4tYm90dG9tJTNBJTIwMCUyMiUyMHNyYyUzRCUyMiUyMGh0dHBzJTNBJTJGJTJGeG4tLXRocmFwaWUtZWF1LW1yZS1lbmZhbnQtejdibS5mciUyRiUyRndwLWNvbnRlbnQlMkZ1cGxvYWRzJTJGMjAxNSUyRjA5JTJGU0lHTEUtSkEtNjAucG5nJTIwJTIyJTIwb25tb3VzZW92ZXIlM0QlMjJ0aGlzLnNyYyUzRCUyNyUyMGh0dHBzJTNBJTJGJTJGeG4tLXRocmFwaWUtZWF1LW1yZS1lbmZhbnQtejdibS5mciUyRiUyRndwLWNvbnRlbnQlMkZ1cGxvYWRzJTJGMjAxNSUyRjA5JTJGQk9VVE9OLVNJR0xFLUpBLTYwLnBuZyUyMCUyNyUyMiUyMG9ubW91c2VvdXQlM0QlMjJ0aGlzLnNyYyUzRCUyNyUyMGh0dHBzJTNBJTJGJTJGeG4tLXRocmFwaWUtZWF1LW1yZS1lbmZhbnQtejdibS5mciUyRiUyRndwLWNvbnRlbnQlMkZ1cGxvYWRzJTJGMjAxNSUyRjA5JTJGU0lHTEUtSkEtNjAucG5nJTIwJTI3JTIyJTIwJTIwJTJGJTNFJTIwJTNDJTJGYSUzRQ==[\/vc_raw_html][vc_column_text el_class=\u00a0\u00bbintertitre\u00a0\u00bb css=\u00a0\u00bb.vc_custom_1649162579481{margin-top: -10px !important;margin-bottom: 20px !important;}\u00a0\u00bb]<\/p>\n<p style=\"text-align: center;\"><span style=\"color: #8d9095;\"><a style=\"text-decoration: none; color: #8d9095;\" href=\"https:\/\/xn--thrapie-eau-mre-enfant-z7bm.fr\/index.php\/2015\/10\/01\/foetoaquatherapie-2\/\">F\u0153toaquath\u00e9rapie<sup>\u00ae<\/sup><\/a><\/span><\/p>\n<p>[\/vc_column_text][\/vc_column][vc_column width=\u00a0\u00bb1\/6&Prime;][vc_raw_html css=\u00a0\u00bb.vc_custom_1506957235849{margin-bottom: -10px !important;}\u00a0\u00bb]JTNDYSUyMGhyZWYlM0QlMjJodHRwcyUzQSUyRiUyRnhuLS10aHJhcGllLWVhdS1tcmUtZW5mYW50LXo3Ym0uZnIlMkZpbmRleC5waHAlMkZ2b3RyZS1lbmZhbnQlMkYlMjIlMjAlM0UlM0NpbWclMjBjbGFzcyUzRCUyMmFsaWduY2VudGVyJTIyJTJDJTIwJTIybWFyZ2luLWJvdHRvbSUzQSUyMDAlMjIlMjBzcmMlM0QlMjIlMjBodHRwcyUzQSUyRiUyRnhuLS10aHJhcGllLWVhdS1tcmUtZW5mYW50LXo3Ym0uZnIlMkZ3cC1jb250ZW50JTJGdXBsb2FkcyUyRjIwMTUlMkYwOSUyRlNJR0xFLUpBLTYwLnBuZyUyMCUyMiUyMG9ubW91c2VvdmVyJTNEJTIydGhpcy5zcmMlM0QlMjclMjBodHRwcyUzQSUyRiUyRnhuLS10aHJhcGllLWVhdS1tcmUtZW5mYW50LXo3Ym0uZnIlMkZ3cC1jb250ZW50JTJGdXBsb2FkcyUyRjIwMTUlMkYwOSUyRkJPVVRPTi1TSUdMRS1KQS02MC5wbmclMjAlMjclMjIlMjBvbm1vdXNlb3V0JTNEJTIydGhpcy5zcmMlM0QlMjclMjBodHRwcyUzQSUyRiUyRnhuLS10aHJhcGllLWVhdS1tcmUtZW5mYW50LXo3Ym0uZnIlMkZ3cC1jb250ZW50JTJGdXBsb2FkcyUyRjIwMTUlMkYwOSUyRlNJR0xFLUpBLTYwLnBuZyUyMCUyNyUyMiUyMCUyMCUyRiUzRSUyMCUzQyUyRmElM0U=[\/vc_raw_html][vc_column_text el_class=\u00a0\u00bbintertitre\u00a0\u00bb css=\u00a0\u00bb.vc_custom_1644488498529{margin-top: -10px !important;margin-bottom: 20px !important;}\u00a0\u00bb]<\/p>\n<p style=\"text-align: center;\"><span style=\"color: #8d9095;\"><a style=\"text-decoration: none; color: #8d9095;\" href=\"https:\/\/xn--thrapie-eau-mre-enfant-z7bm.fr\/index.php\/votre-enfant\/\">Votre enfant<\/a><\/span><\/p>\n<p>[\/vc_column_text][\/vc_column][vc_column width=\u00a0\u00bb1\/6&Prime; css=\u00a0\u00bb.vc_custom_1644498366356{padding-right: 0px !important;padding-left: 0px !important;}\u00a0\u00bb][vc_raw_html css=\u00a0\u00bb.vc_custom_1506957256065{margin-bottom: -10px !important;}\u00a0\u00bb]JTNDYSUyMGhyZWYlM0QlMjJodHRwcyUzQSUyRiUyRnhuLS10aHJhcGllLWVhdS1tcmUtZW5mYW50LXo3Ym0uZnIlMkZpbmRleC5waHAlMkZ2b3RyZS1ncm9zc2Vzc2UlMkYlMjIlMjAlM0UlM0NpbWclMjBjbGFzcyUzRCUyMmFsaWduY2VudGVyJTIyJTJDJTIwJTIybWFyZ2luLWJvdHRvbSUzQSUyMDAlMjIlMjBzcmMlM0QlMjIlMjBodHRwcyUzQSUyRiUyRnhuLS10aHJhcGllLWVhdS1tcmUtZW5mYW50LXo3Ym0uZnIlMkZ3cC1jb250ZW50JTJGdXBsb2FkcyUyRjIwMTUlMkYwOSUyRlNJR0xFLUpBLTYwLnBuZyUyMCUyMiUyMG9ubW91c2VvdmVyJTNEJTIydGhpcy5zcmMlM0QlMjclMjBodHRwcyUzQSUyRiUyRnhuLS10aHJhcGllLWVhdS1tcmUtZW5mYW50LXo3Ym0uZnIlMkZ3cC1jb250ZW50JTJGdXBsb2FkcyUyRjIwMTUlMkYwOSUyRkJPVVRPTi1TSUdMRS1KQS02MC5wbmclMjAlMjclMjIlMjBvbm1vdXNlb3V0JTNEJTIydGhpcy5zcmMlM0QlMjclMjBodHRwcyUzQSUyRiUyRnhuLS10aHJhcGllLWVhdS1tcmUtZW5mYW50LXo3Ym0uZnIlMkZ3cC1jb250ZW50JTJGdXBsb2FkcyUyRjIwMTUlMkYwOSUyRlNJR0xFLUpBLTYwLnBuZyUyMCUyNyUyMiUyMCUyMCUyRiUzRSUyMCUzQyUyRmElM0U=[\/vc_raw_html][vc_column_text el_class=\u00a0\u00bbintertitre\u00a0\u00bb css=\u00a0\u00bb.vc_custom_1644488676831{margin-top: -10px !important;margin-bottom: 20px !important;}\u00a0\u00bb]<\/p>\n<p style=\"text-align: center;\"><span style=\"color: #8d9095;\"><a style=\"text-decoration: none; color: #8d9095;\" href=\"https:\/\/xn--thrapie-eau-mre-enfant-z7bm.fr\/index.php\/en-pratique-2\/\">En pratique<\/a><\/span><\/p>\n<p>[\/vc_column_text][\/vc_column][vc_column width=\u00a0\u00bb1\/6&Prime; css=\u00a0\u00bb.vc_custom_1644498358901{padding-right: 0px !important;padding-left: 0px !important;}\u00a0\u00bb][vc_raw_html css=\u00a0\u00bb.vc_custom_1506957274136{margin-bottom: -10px !important;}\u00a0\u00bb]JTNDYSUyMGhyZWYlM0QlMjJodHRwcyUzQSUyRiUyRnhuLS10aHJhcGllLWVhdS1tcmUtZW5mYW50LXo3Ym0uZnIlMkZpbmRleC5waHAlMkZ2b3RyZS1wcmVtaWVyLXJlbmRlei12b3VzJTJGJTIyJTIwJTNFJTNDaW1nJTIwY2xhc3MlM0QlMjJhbGlnbmNlbnRlciUyMiUyQyUyMCUyMm1hcmdpbi1ib3R0b20lM0ElMjAwJTIyJTIwc3JjJTNEJTIyJTIwaHR0cHMlM0ElMkYlMkZ4bi0tdGhyYXBpZS1lYXUtbXJlLWVuZmFudC16N2JtLmZyJTJGd3AtY29udGVudCUyRnVwbG9hZHMlMkYyMDE1JTJGMDklMkZTSUdMRS1KQS02MC5wbmclMjAlMjIlMjBvbm1vdXNlb3ZlciUzRCUyMnRoaXMuc3JjJTNEJTI3JTIwaHR0cHMlM0ElMkYlMkZ4bi0tdGhyYXBpZS1lYXUtbXJlLWVuZmFudC16N2JtLmZyJTJGd3AtY29udGVudCUyRnVwbG9hZHMlMkYyMDE1JTJGMDklMkZCT1VUT04tU0lHTEUtSkEtNjAucG5nJTIwJTI3JTIyJTIwb25tb3VzZW91dCUzRCUyMnRoaXMuc3JjJTNEJTI3JTIwaHR0cHMlM0ElMkYlMkZ4bi0tdGhyYXBpZS1lYXUtbXJlLWVuZmFudC16N2JtLmZyJTJGd3AtY29udGVudCUyRnVwbG9hZHMlMkYyMDE1JTJGMDklMkZTSUdMRS1KQS02MC5wbmclMjAlMjclMjIlMjAlMjAlMkYlM0UlMjAlM0MlMkZhJTNF[\/vc_raw_html][vc_column_text el_class=\u00a0\u00bbintertitre\u00a0\u00bb css=\u00a0\u00bb.vc_custom_1644488663527{margin-top: -10px !important;margin-bottom: 20px !important;}\u00a0\u00bb]<\/p>\n<p style=\"text-align: center;\"><span style=\"color: #8d9095;\"><a style=\"text-decoration: none; color: #8d9095;\" href=\"https:\/\/xn--thrapie-eau-mre-enfant-z7bm.fr\/index.php\/votre-grossesse\/\">Votre\u00a0grossesse<\/a><\/span><\/p>\n<p>[\/vc_column_text][\/vc_column][vc_column width=\u00a0\u00bb1\/6&Prime; css=\u00a0\u00bb.vc_custom_1644498337644{padding-right: 0px !important;padding-left: 0px !important;}\u00a0\u00bb][vc_raw_html css=\u00a0\u00bb.vc_custom_1506957306243{margin-bottom: -10px !important;}\u00a0\u00bb]JTNDYSUyMGhyZWYlM0QlMjJodHRwcyUzQSUyRiUyRnhuLS10aHJhcGllLWVhdS1tcmUtZW5mYW50LXo3Ym0uZnIlMkZpbmRleC5waHAlMkZjYXRlZ29yeSUyRmFydGljbGUlMkYlMjIlMjAlM0UlM0NpbWclMjBjbGFzcyUzRCUyMmFsaWduY2VudGVyJTIyJTJDJTIwJTIybWFyZ2luLWJvdHRvbSUzQSUyMDAlMjIlMjBzcmMlM0QlMjIlMjBodHRwcyUzQSUyRiUyRnhuLS10aHJhcGllLWVhdS1tcmUtZW5mYW50LXo3Ym0uZnIlMkZ3cC1jb250ZW50JTJGdXBsb2FkcyUyRjIwMTUlMkYwOSUyRlNJR0xFLUpBLTYwLnBuZyUyMCUyMiUyMG9ubW91c2VvdmVyJTNEJTIydGhpcy5zcmMlM0QlMjclMjBodHRwcyUzQSUyRiUyRnhuLS10aHJhcGllLWVhdS1tcmUtZW5mYW50LXo3Ym0uZnIlMkZ3cC1jb250ZW50JTJGdXBsb2FkcyUyRjIwMTUlMkYwOSUyRkJPVVRPTi1TSUdMRS1KQS02MC5wbmclMjAlMjclMjIlMjBvbm1vdXNlb3V0JTNEJTIydGhpcy5zcmMlM0QlMjclMjBodHRwcyUzQSUyRiUyRnhuLS10aHJhcGllLWVhdS1tcmUtZW5mYW50LXo3Ym0uZnIlMkZ3cC1jb250ZW50JTJGdXBsb2FkcyUyRjIwMTUlMkYwOSUyRlNJR0xFLUpBLTYwLnBuZyUyMCUyNyUyMiUyMCUyMCUyRiUzRSUyMCUzQyUyRmElM0U=[\/vc_raw_html][vc_column_text el_class=\u00a0\u00bbintertitre\u00a0\u00bb css=\u00a0\u00bb.vc_custom_1644488687850{margin-top: -10px !important;margin-bottom: 20px !important;}\u00a0\u00bb]<\/p>\n<p style=\"text-align: center;\"><span style=\"color: #8d9095;\"><a style=\"text-decoration: none; color: #8d9095;\" href=\"https:\/\/xn--thrapie-eau-mre-enfant-z7bm.fr\/index.php\/category\/article\/\">Articles<\/a><\/span><\/p>\n<p>[\/vc_column_text][\/vc_column][\/vc_row][vc_row][vc_column][vc_empty_space height=\u00a0\u00bb64px\u00a0\u00bb][vc_column_text css=\u00a0\u00bb.vc_custom_1649161307042{margin-bottom: 10px !important;}\u00a0\u00bb]<\/p>\n<h2>Formations<\/h2>\n<p>[\/vc_column_text][vc_row_inner][vc_column_inner][vc_column_text]<\/p>\n<h3>Deux nouvelles promotions commencent fin septembre 2022. <span style=\"color: #47bcc3;\">Il reste trois places.<\/span><br \/>\nUne promotion en Bretagne et une autre \u00e0 Aix-en-Provence.<\/h3>\n<p>[\/vc_column_text]<style type=\"text\/css\" data-type=\"the7_shortcodes-inline-css\">#default-btn-6aa498365bf6ea5898b2a17b146e976d.ico-right-side > i {\n  margin-right: 0px;\n  margin-left: 8px;\n}\n#default-btn-6aa498365bf6ea5898b2a17b146e976d > i {\n  margin-right: 8px;\n}<\/style><a href=\"https:\/\/xn--thrapie-eau-mre-enfant-z7bm.fr\/index.php\/formation\/\" class=\"default-btn-shortcode dt-btn dt-btn-m link-hover-off btn-inline-left \" id=\"default-btn-6aa498365bf6ea5898b2a17b146e976d\"><span>Tous les d\u00e9tails<\/span><\/a>[\/vc_column_inner][\/vc_row_inner][\/vc_column][\/vc_row][vc_row][vc_column][vc_empty_space height=\u00a0\u00bb64px\u00a0\u00bb][vc_column_text css=\u00a0\u00bb.vc_custom_1649161271040{margin-bottom: 10px !important;}\u00a0\u00bb]<\/p>\n<h2>Nouveau !<\/h2>\n<p>[\/vc_column_text][vc_row_inner][vc_column_inner][vc_column_text]<span style=\"color: #47bcc3;\"><strong>L\u2019association est adh\u00e9rente \u00e0 l\u2019institut de la parentalit\u00e9 de Bordeaux. <\/strong><\/span><\/p>\n<p>L\u2019association est adh\u00e9rente de la F\u00e9d\u00e9ration des Praticiens de la Parentalit\u00e9. En ce sens, elle inscrit sa pratique dans le champ de la pr\u00e9vention pr\u00e9coce et s\u2019appuie sur la th\u00e9orie de l\u2019attachement et les neurosciences affectives et sociales.<\/p>\n<p>Dans les consultations, parents et enfants pourront retrouver l\u2019approche th\u00e9rapeutique par la connaissance des Syst\u00e8mes d\u2019Attachement.<\/p>\n<p><strong>En effet :<\/strong> La s\u00e9curit\u00e9 de l\u2019enfant se construit progressivement, en lien avec son d\u00e9veloppement et ses comp\u00e9tences motrices et sensorielles, cognitives et relationnelles, pour un \u00e9quilibre psycho-affectif, base de l\u2019autonomie.[\/vc_column_text][\/vc_column_inner][\/vc_row_inner][vc_column_text]<span style=\"color: #47bcc3;\"><strong>Marie Schmitt intervient maintenant dans le programme de formation d\u2019Ethologie Humaine de Boris Cyrulnik \u00e0 l\u2019universit\u00e9 de Toulon.<\/strong><\/span>[\/vc_column_text][vc_column_text]<span style=\"color: #47bcc3;\"><strong>Marie Schmitt est sp\u00e9cialis\u00e9e dans les liens d\u2019attachement pour famille adoptante et enfant adopt\u00e9. <\/strong><\/span><\/p>\n<p>Les connaissances en neurosciences et en psycho-affectivit\u00e9 permettent de reconstruire et de recr\u00e9er les liens d\u2019attachement ab\u00eem\u00e9s ou rompus.[\/vc_column_text][\/vc_column][\/vc_row][vc_row][vc_column][vc_empty_space height=\u00a0\u00bb64px\u00a0\u00bb][vc_column_text css=\u00a0\u00bb.vc_custom_1649159992509{margin-bottom: 10px !important;}\u00a0\u00bb]<\/p>\n<h2>T\u00e9moignages d\u2019\u00e9l\u00e8ves<\/h2>\n<p>[\/vc_column_text][vc_column_text el_class=\u00a0\u00bbplaybleu\u00a0\u00bb]<div class=\"strong-view strong-view-id-2 default wpmtst-default slider-container slider-mode-horizontal slider-adaptive controls-style-buttons nav-position-inside\" data-count=\"3\" data-slider-var=\"strong_slider_id_2\" data-state=\"idle\"><div class=\"strong-content wpmslider-content\"><div class=\"wpmtst-testimonial testimonial t-slide post-1464\"><div class=\"wpmtst-testimonial-inner testimonial-inner\"><h3 class=\"wpmtst-testimonial-heading testimonial-heading\">Formation professionnalisante<\/h3><div data-infinite-loop=\"true\"   class=\"wpmtst-testimonial-content testimonial-content\"><div class=\"maybe-clear\"><\/div><p>\u00ab\u00a0Une formation tr\u00e8s enrichissante tant dans le contenu des connaissances que dans l&rsquo;apprentissage de soi pour \u00eatre un meilleur th\u00e9rapeute. Marie est une formatrice p\u00e9dagogue avec une longue exp\u00e9rience. Elle vous accompagne tout au long de la formation de fa\u00e7on personnalis\u00e9e selon vos attentes et votre projet professionnel. Le support p\u00e9dagogique est complet : des polycopi\u00e9s en couleur avec des sch\u00e9mas explicatifs et des vid\u00e9os de cas cliniques permettant des \u00e9changes avec le groupe sur des exemples concrets de la pratique. La session de pratique aquatique professionnalisante est encore plus enrichissante et est accompagn\u00e9e de supervisions pour \u00eatre encadr\u00e9 lors des premi\u00e8res consultations.\u00a0\u00bb<\/p><p> Amandine, Ost\u00e9opathe Aquatique.<\/p><\/div><div class=\"clear\"><\/div><\/div><\/div><div class=\"wpmtst-testimonial testimonial t-slide post-1463\"><div class=\"wpmtst-testimonial-inner testimonial-inner\"><h3 class=\"wpmtst-testimonial-heading testimonial-heading\">\u00c9changes et partage<\/h3><div data-infinite-loop=\"true\"   class=\"wpmtst-testimonial-content testimonial-content\"><div class=\"maybe-clear\"><\/div><p>La formation est tr\u00e8s int\u00e9ressante et instructive. Marie nous a transmis son savoir avec passion et p\u00e9dagogie, dans un cadre toujours bienveillant et dynamique. J&rsquo;ai particuli\u00e8rement appr\u00e9ci\u00e9 les liens syst\u00e9matiques faits entre la th\u00e9orie et la pratique, qui permettent d&rsquo;int\u00e9grer les notions et de progresser.<br \/>\nNous avons partag\u00e9 des moments tr\u00e8s agr\u00e9ables avec le groupe, d&rsquo;\u00e9change et de partage.<\/p><p>Laura<\/p><\/div><div class=\"clear\"><\/div><\/div><\/div><div class=\"wpmtst-testimonial testimonial t-slide post-1460\"><div class=\"wpmtst-testimonial-inner testimonial-inner\"><h3 class=\"wpmtst-testimonial-heading testimonial-heading\">Merci !<\/h3><div data-infinite-loop=\"true\"   class=\"wpmtst-testimonial-content testimonial-content\"><div class=\"maybe-clear\"><\/div><p>J&rsquo;ai b\u00e9n\u00e9fici\u00e9 de la formation en 2021. Elle m&rsquo;a permise de consolider mes connaissances et d&rsquo;en apprendre bien davantage.<br \/>\nElle m&rsquo;a \u00e9galement confirm\u00e9 mon envie de m&rsquo;installer pour accompagner femmes enceintes, nourrissons et jeunes enfants dans leurs difficult\u00e9s.<\/p><p>Je te remercie, Marie, pour l&rsquo;accueil particuli\u00e8rement chaleureux que tu nous as toutes accord\u00e9, mais aussi pour tes conseils, ta patience, ton investissement et ton professionnalisme.<br \/>\nCette exp\u00e9rience fut tr\u00e8s enrichissante et va n\u00e9cessairement m&rsquo;aider dans ma pratique.<\/p><p>Je ne pouvais terminer ces remerciements sans te t\u00e9moigner ma gratitude pour ton soutien, ta pr\u00e9sence et ta bienveillance afin de nous permettre de mener notre projet d&rsquo;installation \u00e0 son terme.<br \/>\nAvec toute ma reconnaissance.<\/p><p>Julie<\/p><\/div><div class=\"clear\"><\/div><\/div><\/div><\/div><\/div>[\/vc_column_text][\/vc_column][\/vc_row]<\/p>\n<\/div>","protected":false},"excerpt":{"rendered":"<p>[vc_row animation=\u00a0\u00bbfade-in\u00a0\u00bb margin_top=\u00a0\u00bb0&Prime; margin_bottom=\u00a0\u00bb0&Prime; css=\u00a0\u00bb.vc_custom_1644498374744{margin-bottom: 0px !important;padding-right: 0px !important;padding-left: 0px !important;}\u00a0\u00bb][vc_column width=\u00a0\u00bb2\/6&Prime; css=\u00a0\u00bb.vc_custom_1644498381311{padding-right: 0px !important;padding-left: 0px !important;}\u00a0\u00bb][vc_raw_html css=\u00a0\u00bb.vc_custom_1649162544303{margin-bottom: -10px !important;}\u00a0\u00bb]JTNDYSUyMGhyZWYlM0QlMjJodHRwcyUzQSUyRiUyRnhuLS10aHJhcGllLWVhdS1tcmUtZW5mYW50LXo3Ym0uZnIlMkZpbmRleC5waHAlMkZmb2V0b2FxdWF0aGVyYXBpZSUyRiUyMiUyMCUzRSUzQ2ltZyUyMGNsYXNzJTNEJTIyYWxpZ25jZW50ZXIlMjIlMkMlMjAlMjJtYXJnaW4tYm90dG9tJTNBJTIwMCUyMiUyMHNyYyUzRCUyMiUyMGh0dHBzJTNBJTJGJTJGeG4tLXRocmFwaWUtZWF1LW1yZS1lbmZhbnQtejdibS5mciUyRiUyRndwLWNvbnRlbnQlMkZ1cGxvYWRzJTJGMjAxNSUyRjA5JTJGU0lHTEUtSkEtNjAucG5nJTIwJTIyJTIwb25tb3VzZW92ZXIlM0QlMjJ0aGlzLnNyYyUzRCUyNyUyMGh0dHBzJTNBJTJGJTJGeG4tLXRocmFwaWUtZWF1LW1yZS1lbmZhbnQtejdibS5mciUyRiUyRndwLWNvbnRlbnQlMkZ1cGxvYWRzJTJGMjAxNSUyRjA5JTJGQk9VVE9OLVNJR0xFLUpBLTYwLnBuZyUyMCUyNyUyMiUyMG9ubW91c2VvdXQlM0QlMjJ0aGlzLnNyYyUzRCUyNyUyMGh0dHBzJTNBJTJGJTJGeG4tLXRocmFwaWUtZWF1LW1yZS1lbmZhbnQtejdibS5mciUyRiUyRndwLWNvbnRlbnQlMkZ1cGxvYWRzJTJGMjAxNSUyRjA5JTJGU0lHTEUtSkEtNjAucG5nJTIwJTI3JTIyJTIwJTIwJTJGJTNFJTIwJTNDJTJGYSUzRQ==[\/vc_raw_html][vc_column_text el_class=\u00a0\u00bbintertitre\u00a0\u00bb css=\u00a0\u00bb.vc_custom_1649162579481{margin-top: -10px !important;margin-bottom: 20px !important;}\u00a0\u00bb] F\u0153toaquath\u00e9rapie\u00ae [\/vc_column_text][\/vc_column][vc_column width=\u00a0\u00bb1\/6&Prime;][vc_raw_html css=\u00a0\u00bb.vc_custom_1506957235849{margin-bottom: -10px !important;}\u00a0\u00bb]JTNDYSUyMGhyZWYlM0QlMjJodHRwcyUzQSUyRiUyRnhuLS10aHJhcGllLWVhdS1tcmUtZW5mYW50LXo3Ym0uZnIlMkZpbmRleC5waHAlMkZ2b3RyZS1lbmZhbnQlMkYlMjIlMjAlM0UlM0NpbWclMjBjbGFzcyUzRCUyMmFsaWduY2VudGVyJTIyJTJDJTIwJTIybWFyZ2luLWJvdHRvbSUzQSUyMDAlMjIlMjBzcmMlM0QlMjIlMjBodHRwcyUzQSUyRiUyRnhuLS10aHJhcGllLWVhdS1tcmUtZW5mYW50LXo3Ym0uZnIlMkZ3cC1jb250ZW50JTJGdXBsb2FkcyUyRjIwMTUlMkYwOSUyRlNJR0xFLUpBLTYwLnBuZyUyMCUyMiUyMG9ubW91c2VvdmVyJTNEJTIydGhpcy5zcmMlM0QlMjclMjBodHRwcyUzQSUyRiUyRnhuLS10aHJhcGllLWVhdS1tcmUtZW5mYW50LXo3Ym0uZnIlMkZ3cC1jb250ZW50JTJGdXBsb2FkcyUyRjIwMTUlMkYwOSUyRkJPVVRPTi1TSUdMRS1KQS02MC5wbmclMjAlMjclMjIlMjBvbm1vdXNlb3V0JTNEJTIydGhpcy5zcmMlM0QlMjclMjBodHRwcyUzQSUyRiUyRnhuLS10aHJhcGllLWVhdS1tcmUtZW5mYW50LXo3Ym0uZnIlMkZ3cC1jb250ZW50JTJGdXBsb2FkcyUyRjIwMTUlMkYwOSUyRlNJR0xFLUpBLTYwLnBuZyUyMCUyNyUyMiUyMCUyMCUyRiUzRSUyMCUzQyUyRmElM0U=[\/vc_raw_html][vc_column_text el_class=\u00a0\u00bbintertitre\u00a0\u00bb css=\u00a0\u00bb.vc_custom_1644488498529{margin-top: -10px !important;margin-bottom: 20px !important;}\u00a0\u00bb] Votre enfant [\/vc_column_text][\/vc_column][vc_column width=\u00a0\u00bb1\/6&Prime; css=\u00a0\u00bb.vc_custom_1644498366356{padding-right: 0px !important;padding-left: 0px !important;}\u00a0\u00bb][vc_raw_html css=\u00a0\u00bb.vc_custom_1506957256065{margin-bottom: -10px !important;}\u00a0\u00bb]JTNDYSUyMGhyZWYlM0QlMjJodHRwcyUzQSUyRiUyRnhuLS10aHJhcGllLWVhdS1tcmUtZW5mYW50LXo3Ym0uZnIlMkZpbmRleC5waHAlMkZ2b3RyZS1ncm9zc2Vzc2UlMkYlMjIlMjAlM0UlM0NpbWclMjBjbGFzcyUzRCUyMmFsaWduY2VudGVyJTIyJTJDJTIwJTIybWFyZ2luLWJvdHRvbSUzQSUyMDAlMjIlMjBzcmMlM0QlMjIlMjBodHRwcyUzQSUyRiUyRnhuLS10aHJhcGllLWVhdS1tcmUtZW5mYW50LXo3Ym0uZnIlMkZ3cC1jb250ZW50JTJGdXBsb2FkcyUyRjIwMTUlMkYwOSUyRlNJR0xFLUpBLTYwLnBuZyUyMCUyMiUyMG9ubW91c2VvdmVyJTNEJTIydGhpcy5zcmMlM0QlMjclMjBodHRwcyUzQSUyRiUyRnhuLS10aHJhcGllLWVhdS1tcmUtZW5mYW50LXo3Ym0uZnIlMkZ3cC1jb250ZW50JTJGdXBsb2FkcyUyRjIwMTUlMkYwOSUyRkJPVVRPTi1TSUdMRS1KQS02MC5wbmclMjAlMjclMjIlMjBvbm1vdXNlb3V0JTNEJTIydGhpcy5zcmMlM0QlMjclMjBodHRwcyUzQSUyRiUyRnhuLS10aHJhcGllLWVhdS1tcmUtZW5mYW50LXo3Ym0uZnIlMkZ3cC1jb250ZW50JTJGdXBsb2FkcyUyRjIwMTUlMkYwOSUyRlNJR0xFLUpBLTYwLnBuZyUyMCUyNyUyMiUyMCUyMCUyRiUzRSUyMCUzQyUyRmElM0U=[\/vc_raw_html][vc_column_text el_class=\u00a0\u00bbintertitre\u00a0\u00bb css=\u00a0\u00bb.vc_custom_1644488676831{margin-top: -10px !important;margin-bottom: 20px&hellip;<\/p>\n","protected":false},"author":4,"featured_media":0,"parent":0,"menu_order":0,"comment_status":"closed","ping_status":"closed","template":"","meta":{"footnotes":""},"class_list":["post-2","page","type-page","status-publish","hentry","description-off"],"aioseo_notices":[],"_links":{"self":[{"href":"https:\/\/xn--thrapie-eau-mre-enfant-z7bm.fr\/index.php\/wp-json\/wp\/v2\/pages\/2","targetHints":{"allow":["GET"]}}],"collection":[{"href":"https:\/\/xn--thrapie-eau-mre-enfant-z7bm.fr\/index.php\/wp-json\/wp\/v2\/pages"}],"about":[{"href":"https:\/\/xn--thrapie-eau-mre-enfant-z7bm.fr\/index.php\/wp-json\/wp\/v2\/types\/page"}],"author":[{"embeddable":true,"href":"https:\/\/xn--thrapie-eau-mre-enfant-z7bm.fr\/index.php\/wp-json\/wp\/v2\/users\/4"}],"replies":[{"embeddable":true,"href":"https:\/\/xn--thrapie-eau-mre-enfant-z7bm.fr\/index.php\/wp-json\/wp\/v2\/comments?post=2"}],"version-history":[{"count":180,"href":"https:\/\/xn--thrapie-eau-mre-enfant-z7bm.fr\/index.php\/wp-json\/wp\/v2\/pages\/2\/revisions"}],"predecessor-version":[{"id":1581,"href":"https:\/\/xn--thrapie-eau-mre-enfant-z7bm.fr\/index.php\/wp-json\/wp\/v2\/pages\/2\/revisions\/1581"}],"wp:attachment":[{"href":"https:\/\/xn--thrapie-eau-mre-enfant-z7bm.fr\/index.php\/wp-json\/wp\/v2\/media?parent=2"}],"curies":[{"name":"wp","href":"https:\/\/api.w.org\/{rel}","templated":true}]}}