{"id":1613,"date":"2024-09-03T14:53:49","date_gmt":"2024-09-03T13:53:49","guid":{"rendered":"https:\/\/xn--thrapie-eau-mre-enfant-z7bm.fr\/?page_id=1613"},"modified":"2024-09-03T15:14:05","modified_gmt":"2024-09-03T14:14:05","slug":"appel-a-dons-projet-ouverture-du-petit-cabinet-vitrine","status":"publish","type":"page","link":"https:\/\/xn--thrapie-eau-mre-enfant-z7bm.fr\/index.php\/appel-a-dons-projet-ouverture-du-petit-cabinet-vitrine\/","title":{"rendered":"APPEL A DONS PROJET OUVERTURE DU \u00ab\u00a0PETIT CABINET VITRINE\u00a0\u00bb"},"content":{"rendered":"\n<p><\/p>\n\n\n\n<figure class=\"wp-block-image size-full is-resized\"><a href=\"https:\/\/xn--thrapie-eau-mre-enfant-z7bm.fr\/wp-content\/uploads\/2024\/09\/JARDIN-AQUATIQUE-POLE-MERE-ENFANT-FOETOAQUATHERAPIE.png\"><img loading=\"lazy\" decoding=\"async\" width=\"847\" height=\"425\" src=\"https:\/\/xn--thrapie-eau-mre-enfant-z7bm.fr\/wp-content\/uploads\/2024\/09\/JARDIN-AQUATIQUE-POLE-MERE-ENFANT-FOETOAQUATHERAPIE.png\" alt=\"\" class=\"wp-image-1616\" style=\"width:309px;height:auto\" srcset=\"https:\/\/xn--thrapie-eau-mre-enfant-z7bm.fr\/wp-content\/uploads\/2024\/09\/JARDIN-AQUATIQUE-POLE-MERE-ENFANT-FOETOAQUATHERAPIE.png 847w, https:\/\/xn--thrapie-eau-mre-enfant-z7bm.fr\/wp-content\/uploads\/2024\/09\/JARDIN-AQUATIQUE-POLE-MERE-ENFANT-FOETOAQUATHERAPIE-300x151.png 300w, https:\/\/xn--thrapie-eau-mre-enfant-z7bm.fr\/wp-content\/uploads\/2024\/09\/JARDIN-AQUATIQUE-POLE-MERE-ENFANT-FOETOAQUATHERAPIE-768x385.png 768w\" sizes=\"auto, (max-width: 847px) 100vw, 847px\" \/><\/a><\/figure>\n\n\n\n<p>Madame, Monsieur, Chers amis,<\/p>\n\n\n\n<p>Le conseil d&rsquo;administration, le comit\u00e9 d&rsquo;\u00e9thique, et mes collaboratrices se&nbsp;joignent&nbsp;\u00e0 moi pour vous faire part de la formidable opportunit\u00e9 de d\u00e9veloppement offerte au&nbsp;<strong>Jardin Aquatique<\/strong>.<\/p>\n\n\n\n<p>En effet, notre Petit Projet m\u00fbri depuis plusieurs mois, va bient\u00f4t voir le jour dans de nouveaux locaux \u00e0 Montpellier \/ Castelnau-Le-Lez.<\/p>\n\n\n\n<p>Un plus grand projet va suivre, accompagn\u00e9 par France Active H\u00e9rault&nbsp;: Institut de Foetoaquath\u00e9rapie et Institut de La Parentalit\u00e9.<\/p>\n\n\n\n<p>Vos dons, cotisations et g\u00e9n\u00e9reux soutiens nous avaient permis en 2014 de cr\u00e9er un nouveau bassin et d\u2019offrir des soins \u00e0 un nombre croissant d&rsquo;enfants et leur famille.<\/p>\n\n\n\n<p><strong>Nous sommes ainsi pass\u00e9s de 1800 consultations en 2014 \u00e0 3800 en 2022.<\/strong><\/p>\n\n\n\n<p>Depuis, j\u2019ai cr\u00e9\u00e9 mon \u00e9cole de f\u0153toaquath\u00e9rapie* (d\u00e9p\u00f4t INPI) et nous avons form\u00e9 huit psychologues foetoaquath\u00e9rapeutes suppl\u00e9mentaires, dont deux qui ont ouvert leur cabinet et que nous avons accompagn\u00e9s pour la construction et le d\u00e9marrage.<br><\/p>\n\n\n\n<p>Aujourd&rsquo;hui, malgr\u00e9 ma pr\u00e9sence de p\u00e9dopsychologue 6\/7J, la demande de rendez-vous est telle que nous sommes contraints de refuser l&rsquo;accueil de pr\u00e8s de 10 familles par semaine.<\/p>\n\n\n\n<p>Un nouveau cabinet \u00ab\u00a0Petit Projet\u00a0\u00bb en attendant le \u00ab\u00a0Grand Projet\u00a0\u00bb est en construction gr\u00e2ce \u00e0 la Caisse d&rsquo;\u00c9pargne de Lunel.<\/p>\n\n\n\n<p><strong>Pour accueillir en priorit\u00e9 les b\u00e9b\u00e9s en instance d&rsquo;adoption et ceux porteurs de cancer, nos th\u00e9rapeutes ont besoin d\u2019un nouveau bassin performant et aux normes \u00e9coresponsables.<\/strong><\/p>\n\n\n\n<p>Les consultations b\u00e9n\u00e9voles comptent actuellement plus de 20% du temps de notre travail, car l\u2019accueil des familles en grande difficult\u00e9 reste prioritaire dans l\u2019\u00e9thique de l\u2019association.<\/p>\n\n\n\n<p>Ainsi, il est temps d&rsquo;adapter notre structure \u00e0 cet accroissement de la demande et des besoins, accroissement que nous osons attribuer aux excellents r\u00e9sultats obtenus avec nos m\u00e9thodes et notre savoir-faire.<\/p>\n\n\n\n<p><br><strong>Nous devons poursuivre notre engagement.<\/strong><\/p>\n\n\n\n<p><strong>Nous pourrons ouvrir ce nouveau lieu d\u00e8s septembre 2024.<\/strong><\/p>\n\n\n\n<p><strong>Quatre th\u00e9rapeutes pourront y travailler simultan\u00e9ment et nous pourrons ainsi accueillir pr\u00e8s de 3000 familles dans l\u2019ann\u00e9e, dont 800 familles en grande difficult\u00e9 ou famille d\u2019accueil d\u2019enfants plac\u00e9s.<\/strong><\/p>\n\n\n\n<p>Nous y am\u00e9nageons un nouveau bassin.<\/p>\n\n\n\n<p>Les cr\u00e8ches, \u00e9coles, p\u00e9dopsychiatres, p\u00e9diatres, orthophonistes, psychomotriciens et autres professionnels de sant\u00e9 de la r\u00e9gion, d\u2019Aix et de Montpellier, avec qui nous travaillons en constante collaboration, soutiennent d\u00e9j\u00e0 pleinement ce projet.<\/p>\n\n\n\n<p><strong>Afin de concr\u00e9tiser ce projet, l&rsquo;association fait une nouvelle fois appel \u00e0 votre g\u00e9n\u00e9rosit\u00e9.<\/strong><\/p>\n\n\n\n<p><strong>Les porteurs du projet financent en propre les locaux, <\/strong><br><strong>il nous manque 29 000\u20ac pour le bassin th\u00e9rapeutique.<\/strong><\/p>\n\n\n\n<p><strong>Nous faisons APPEL \u00e0 vos dons et vous remercions infiniment.<\/strong><\/p>\n\n\n\n<p><strong>Marie et le Comit\u00e9 d&rsquo;\u00e9thique.<\/strong>&nbsp;<\/p>\n\n\n\n<p>En votre aimable r\u00e8glement :<\/p>\n\n\n\n<p>IBAN : FR7613485008000801220757517<\/p>\n\n\n\n<p>BIC : CEPAFRPP348<\/p>\n\n\n\n<p>B\u00e9n\u00e9ficiaire : association Le Jardin Aquatique<\/p>\n\n\n\n<p>7 impasse du Souvenir<\/p>\n\n\n\n<p>34170 CASTELNAU LE LEZ<\/p>\n","protected":false},"excerpt":{"rendered":"<p>Madame, Monsieur, Chers amis, Le conseil d&rsquo;administration, le comit\u00e9 d&rsquo;\u00e9thique, et mes collaboratrices se&nbsp;joignent&nbsp;\u00e0 moi pour vous faire part de la formidable opportunit\u00e9 de d\u00e9veloppement offerte au&nbsp;Jardin Aquatique. En effet, notre Petit Projet m\u00fbri depuis plusieurs mois, va bient\u00f4t voir le jour dans de nouveaux locaux \u00e0 Montpellier \/ Castelnau-Le-Lez. Un plus grand projet va&hellip;<\/p>\n","protected":false},"author":4,"featured_media":0,"parent":0,"menu_order":0,"comment_status":"closed","ping_status":"closed","template":"","meta":{"footnotes":""},"class_list":["post-1613","page","type-page","status-publish","hentry","description-off"],"aioseo_notices":[],"_links":{"self":[{"href":"https:\/\/xn--thrapie-eau-mre-enfant-z7bm.fr\/index.php\/wp-json\/wp\/v2\/pages\/1613","targetHints":{"allow":["GET"]}}],"collection":[{"href":"https:\/\/xn--thrapie-eau-mre-enfant-z7bm.fr\/index.php\/wp-json\/wp\/v2\/pages"}],"about":[{"href":"https:\/\/xn--thrapie-eau-mre-enfant-z7bm.fr\/index.php\/wp-json\/wp\/v2\/types\/page"}],"author":[{"embeddable":true,"href":"https:\/\/xn--thrapie-eau-mre-enfant-z7bm.fr\/index.php\/wp-json\/wp\/v2\/users\/4"}],"replies":[{"embeddable":true,"href":"https:\/\/xn--thrapie-eau-mre-enfant-z7bm.fr\/index.php\/wp-json\/wp\/v2\/comments?post=1613"}],"version-history":[{"count":4,"href":"https:\/\/xn--thrapie-eau-mre-enfant-z7bm.fr\/index.php\/wp-json\/wp\/v2\/pages\/1613\/revisions"}],"predecessor-version":[{"id":1621,"href":"https:\/\/xn--thrapie-eau-mre-enfant-z7bm.fr\/index.php\/wp-json\/wp\/v2\/pages\/1613\/revisions\/1621"}],"wp:attachment":[{"href":"https:\/\/xn--thrapie-eau-mre-enfant-z7bm.fr\/index.php\/wp-json\/wp\/v2\/media?parent=1613"}],"curies":[{"name":"wp","href":"https:\/\/api.w.org\/{rel}","templated":true}]}}