{"id":1355,"date":"2018-09-03T07:54:52","date_gmt":"2018-09-03T06:54:52","guid":{"rendered":"https:\/\/xn--thrapie-eau-mre-enfant-z7bm.fr\/?page_id=1355"},"modified":"2018-09-21T01:36:32","modified_gmt":"2018-09-21T00:36:32","slug":"caroline_aussilou","status":"publish","type":"page","link":"https:\/\/xn--thrapie-eau-mre-enfant-z7bm.fr\/index.php\/caroline_aussilou\/","title":{"rendered":"Caroline AUSSILLOU"},"content":{"rendered":"<div class=\"wpb-content-wrapper\"><p>[vc_row][vc_column][vc_column_text]<\/p>\n<h1>Caroline AUSSILLOU<\/h1>\n<p>[\/vc_column_text][vc_column_text]<span style=\"color: #47bcc3;\"><strong>Sophrologue<\/strong><\/span>[\/vc_column_text][vc_row_inner][vc_column_inner width=\u00a0\u00bb1\/4&Prime;][vc_single_image image=\u00a0\u00bb1359&Prime; img_size=\u00a0\u00bbfull\u00a0\u00bb alignment=\u00a0\u00bbcenter\u00a0\u00bb][\/vc_column_inner][vc_column_inner width=\u00a0\u00bb3\/4&Prime;][vc_column_text]Dans une soci\u00e9t\u00e9 o\u00f9 nous ne cessons d\u2019\u00eatre dans la mentalisation, o\u00f9 tout va toujours plus vite, le corps et l\u2019esprit souffrent. J\u2019ai la certitude qu\u2019il faut prendre ou reprendre conscience de son corps.<\/p>\n<p>Prendre conscience, c\u2019est traduire par et avec son corps ce que je ressens ici et maintenant.<\/p>\n<p>La sophrologie \u00e0 laquelle je suis form\u00e9e depuis 2003 assure ce retour aux fondamentaux : l\u2019harmonisation du corps et de l\u2019esprit. A travers une relaxation dynamique \u00e9voluant vers des pauses m\u00e9ditatives, cette technique permet un rendez vous avec Soi de mani\u00e8re consciente.<\/p>\n<p>J\u2019utilise l\u2019eau comme un formidable outil de prise de contact au corps et \u00e0 sa peau. Pour un adulte comme un enfant, cette technique va permettre de r\u00e9tablir la confiance avec son corps parlant, son \u00ab Moi-Peau \u00bb.<\/p>\n<ul>\n<li>Diplom\u00e9e en Sophrologie Cayc\u00e9dienne branche Clinique et Socio-prophylactique depuis 2003.<\/li>\n<li>Form\u00e9e \u00e0 la p\u00e9dagogie Sophroludique et \u00e0 la gestion du stress.<\/li>\n<li>Infirmi\u00e9re pendant 10 ans en maternit\u00e9 : service de suite de couche, unit\u00e9 m\u00e8re-enfant et bloc op\u00e9ratoire.<\/li>\n<li>Form\u00e9e en Nutrition et rythme du nouveau-n\u00e9, accompagnement de l\u2019allaitement maternel \u00e0 l\u2019instiut IPSN.<\/li>\n<\/ul>\n<p>Je propose de vous recevoir pour des s\u00e9ances d\u2019une heure au Jardin aquatique.<\/p>\n<p><em>\u00ab La peau n\u2019est pas une limite, mais une passerelle entre la fonctionnalit\u00e9 et l\u2019affectivit\u00e9 de l\u2019humain \u00bb<\/em> \u2013 Frans Veldman, psychoth\u00e9rapeute.[\/vc_column_text][\/vc_column_inner][\/vc_row_inner][\/vc_column][\/vc_row]<\/p>\n<\/div>","protected":false},"excerpt":{"rendered":"<p>[vc_row][vc_column][vc_column_text] Caroline AUSSILLOU [\/vc_column_text][vc_column_text]Sophrologue[\/vc_column_text][vc_row_inner][vc_column_inner width=\u00a0\u00bb1\/4&Prime;][vc_single_image image=\u00a0\u00bb1359&Prime; img_size=\u00a0\u00bbfull\u00a0\u00bb alignment=\u00a0\u00bbcenter\u00a0\u00bb][\/vc_column_inner][vc_column_inner width=\u00a0\u00bb3\/4&Prime;][vc_column_text]Dans une soci\u00e9t\u00e9 o\u00f9 nous ne cessons d\u2019\u00eatre dans la mentalisation, o\u00f9 tout va toujours plus vite, le corps et l\u2019esprit souffrent. J\u2019ai la certitude qu\u2019il faut prendre ou reprendre conscience de son corps. Prendre conscience, c\u2019est traduire par et avec son corps ce que je ressens&hellip;<\/p>\n","protected":false},"author":4,"featured_media":0,"parent":0,"menu_order":0,"comment_status":"closed","ping_status":"closed","template":"","meta":{"footnotes":""},"class_list":["post-1355","page","type-page","status-publish","hentry","description-off"],"aioseo_notices":[],"_links":{"self":[{"href":"https:\/\/xn--thrapie-eau-mre-enfant-z7bm.fr\/index.php\/wp-json\/wp\/v2\/pages\/1355","targetHints":{"allow":["GET"]}}],"collection":[{"href":"https:\/\/xn--thrapie-eau-mre-enfant-z7bm.fr\/index.php\/wp-json\/wp\/v2\/pages"}],"about":[{"href":"https:\/\/xn--thrapie-eau-mre-enfant-z7bm.fr\/index.php\/wp-json\/wp\/v2\/types\/page"}],"author":[{"embeddable":true,"href":"https:\/\/xn--thrapie-eau-mre-enfant-z7bm.fr\/index.php\/wp-json\/wp\/v2\/users\/4"}],"replies":[{"embeddable":true,"href":"https:\/\/xn--thrapie-eau-mre-enfant-z7bm.fr\/index.php\/wp-json\/wp\/v2\/comments?post=1355"}],"version-history":[{"count":13,"href":"https:\/\/xn--thrapie-eau-mre-enfant-z7bm.fr\/index.php\/wp-json\/wp\/v2\/pages\/1355\/revisions"}],"predecessor-version":[{"id":1383,"href":"https:\/\/xn--thrapie-eau-mre-enfant-z7bm.fr\/index.php\/wp-json\/wp\/v2\/pages\/1355\/revisions\/1383"}],"wp:attachment":[{"href":"https:\/\/xn--thrapie-eau-mre-enfant-z7bm.fr\/index.php\/wp-json\/wp\/v2\/media?parent=1355"}],"curies":[{"name":"wp","href":"https:\/\/api.w.org\/{rel}","templated":true}]}}