{"id":1249,"date":"2018-04-03T14:55:12","date_gmt":"2018-04-03T13:55:12","guid":{"rendered":"https:\/\/xn--thrapie-eau-mre-enfant-z7bm.fr\/?page_id=1249"},"modified":"2018-04-09T08:09:01","modified_gmt":"2018-04-09T07:09:01","slug":"marie-schmitt","status":"publish","type":"page","link":"https:\/\/xn--thrapie-eau-mre-enfant-z7bm.fr\/index.php\/marie-schmitt\/","title":{"rendered":"Marie SCHMITT"},"content":{"rendered":"<div class=\"wpb-content-wrapper\"><p>[vc_row][vc_column][vc_column_text]<\/p>\n<h1>Marie SCHMITT<\/h1>\n<p>[\/vc_column_text][\/vc_column][\/vc_row][vc_row][vc_column][vc_column_text]<span style=\"color: #47bcc3;\"><strong>Psychoth\u00e9rapeute<\/strong><\/span>[\/vc_column_text][\/vc_column][\/vc_row][vc_row][vc_column width=\u00a0\u00bb1\/4&Prime;][vc_single_image image=\u00a0\u00bb1297&Prime; img_size=\u00a0\u00bbfull\u00a0\u00bb][\/vc_column][vc_column width=\u00a0\u00bb3\/4&Prime;][vc_column_text]J\u2019ai longtemps cherch\u00e9 un outil qui pourrait faire un lien entre deux zones psychiques, le raisonnement et l\u2019inconscient. J\u2019ai par ailleurs eu la chance de rencontrer tr\u00e8s jeune la pire des d\u00e9tresses affectives de l\u2019enfant par ma grande s\u0153ur gravement anorexique et mon petit fr\u00e8re gravement autiste. Je me suis alors rapproch\u00e9e de la m\u00e9moire affective que garde l\u2019enfant de l\u2019eau et j\u2019ai cr\u00e9\u00e9 ma propre m\u00e9thode de travail dans l\u2019eau.<\/p>\n<p>Depuis de longues ann\u00e9es et l\u2019ouverture de mon premier cabinet en 1980, je d\u00e9veloppe mes comp\u00e9tences pratiques et mes recherches sur les relations intrafamiliales, le conditionnement psychoaffectif, \u00e9ducatif et social dans les probl\u00e8mes psychiques, psychopathologiques et physiques, rencontr\u00e9s chez les tout-petits. Ma grille de lecture et mon travail th\u00e9rapeutique s\u2019appuient sur la m\u00e9moire de la peau et le souvenir matriciel, fondation de possibles liens d\u2019attachement.<\/p>\n<p>Gr\u00e2ce \u00e0 la collaboration et au soutien continu du milieu m\u00e9dical et psychologique, notamment Fran\u00e7oise Dolto (p\u00e9diatre psychanalyste, 1908\/25 ao\u00fbt 1988) et Aldo Naouri, j\u2019ai d\u00e9velopp\u00e9 mon savoir-faire dans le domaine tr\u00e8s sp\u00e9cifique de l\u2019accueil psychoth\u00e9rapeutique dans l\u2019eau\u00a0: la F\u0153toaquath\u00e9rapie\u00ae, concept que j\u2019ai d\u00e9pos\u00e9 \u00e0 l\u2019INPI en 2005.<\/p>\n<ul>\n<li>licenci\u00e9e en psychologie <em>(Lyon\u00a0II)<\/em><\/li>\n<li>form\u00e9e par l\u2019Association Fran\u00e7aise de Maternologie Clinique <em>(Jean Marie Delassus)<\/em><\/li>\n<li>37 ans de pratique dans l\u2019accompagnement des psychopathologies de l\u2019enfant et du nourrisson.<\/li>\n<\/ul>\n<p>Supervision de l\u2019activit\u00e9 clinique par l\u2019Universit\u00e9 de Psychologie d\u2019Aix-en-Provence[\/vc_column_text][\/vc_column][\/vc_row]<\/p>\n<\/div>","protected":false},"excerpt":{"rendered":"<p>[vc_row][vc_column][vc_column_text] Marie SCHMITT [\/vc_column_text][\/vc_column][\/vc_row][vc_row][vc_column][vc_column_text]Psychoth\u00e9rapeute[\/vc_column_text][\/vc_column][\/vc_row][vc_row][vc_column width=\u00a0\u00bb1\/4&Prime;][vc_single_image image=\u00a0\u00bb1297&Prime; img_size=\u00a0\u00bbfull\u00a0\u00bb][\/vc_column][vc_column width=\u00a0\u00bb3\/4&Prime;][vc_column_text]J\u2019ai longtemps cherch\u00e9 un outil qui pourrait faire un lien entre deux zones psychiques, le raisonnement et l\u2019inconscient. J\u2019ai par ailleurs eu la chance de rencontrer tr\u00e8s jeune la pire des d\u00e9tresses affectives de l\u2019enfant par ma grande s\u0153ur gravement anorexique et mon petit fr\u00e8re gravement autiste. Je&hellip;<\/p>\n","protected":false},"author":4,"featured_media":0,"parent":0,"menu_order":0,"comment_status":"closed","ping_status":"closed","template":"","meta":{"footnotes":""},"class_list":["post-1249","page","type-page","status-publish","hentry","description-off"],"aioseo_notices":[],"_links":{"self":[{"href":"https:\/\/xn--thrapie-eau-mre-enfant-z7bm.fr\/index.php\/wp-json\/wp\/v2\/pages\/1249","targetHints":{"allow":["GET"]}}],"collection":[{"href":"https:\/\/xn--thrapie-eau-mre-enfant-z7bm.fr\/index.php\/wp-json\/wp\/v2\/pages"}],"about":[{"href":"https:\/\/xn--thrapie-eau-mre-enfant-z7bm.fr\/index.php\/wp-json\/wp\/v2\/types\/page"}],"author":[{"embeddable":true,"href":"https:\/\/xn--thrapie-eau-mre-enfant-z7bm.fr\/index.php\/wp-json\/wp\/v2\/users\/4"}],"replies":[{"embeddable":true,"href":"https:\/\/xn--thrapie-eau-mre-enfant-z7bm.fr\/index.php\/wp-json\/wp\/v2\/comments?post=1249"}],"version-history":[{"count":6,"href":"https:\/\/xn--thrapie-eau-mre-enfant-z7bm.fr\/index.php\/wp-json\/wp\/v2\/pages\/1249\/revisions"}],"predecessor-version":[{"id":1298,"href":"https:\/\/xn--thrapie-eau-mre-enfant-z7bm.fr\/index.php\/wp-json\/wp\/v2\/pages\/1249\/revisions\/1298"}],"wp:attachment":[{"href":"https:\/\/xn--thrapie-eau-mre-enfant-z7bm.fr\/index.php\/wp-json\/wp\/v2\/media?parent=1249"}],"curies":[{"name":"wp","href":"https:\/\/api.w.org\/{rel}","templated":true}]}}