{"id":1200,"date":"2018-08-05T10:41:45","date_gmt":"2018-08-05T09:41:45","guid":{"rendered":"https:\/\/xn--thrapie-eau-mre-enfant-z7bm.fr\/?page_id=1200"},"modified":"2020-10-09T08:53:05","modified_gmt":"2020-10-09T07:53:05","slug":"cycle-4-transfert-de-competences","status":"publish","type":"page","link":"https:\/\/xn--thrapie-eau-mre-enfant-z7bm.fr\/index.php\/cycle-4-transfert-de-competences\/","title":{"rendered":"Cycle 4 &#8211; Transfert de comp\u00e9tences &#8211; Pour pouvoir exercer"},"content":{"rendered":"\n<p style=\"font-size:12px\"><\/p>\n\n\n<p>Apr\u00e8s la validation des 3 premiers cycles (Niveau 1) , il sera propos\u00e9 aux d\u00e9tenteurs du Niveau 1 d\u2019int\u00e9grer le Cycle IV.<\/p>\n<p>Cette formation ouvrira droit \u00e0 un dipl\u00f4me de formation Niveau 2\u00a0de F\u0153toaquath\u00e9rapie\u00a0:<strong>\u00a0\u00ab\u00a0Foetoaquath\u00e9rapeute<\/strong>\u00bb<\/p>\n<p>Elle permettra le travail en cabinet individuel avec supervision obligatoire.<\/p>\n<h4>Les limites th\u00e9oriques et pratiques &#8211; \u00e9thiques et d\u00e9ontologiques<\/h4>\n<p>Ces s\u00e9quences de formation sont compl\u00e9mentaires d\u2019une formation initiale de qualit\u00e9, m\u00e9dicale, param\u00e9dicale ou en psychologie\u00a0:<\/p>\n<ul>\n<li>Les deux premiers cycles de formation s\u2019adressent \u00e0 tous les professionnels des m\u00e9tiers du soin et de la relation d\u2019aide, qu\u2019ils soient en fin de cycle de formation ou confirm\u00e9s.<\/li>\n<li>Le cycle III fait d\u00e9couvrir la pratique de la Foetoaquath\u00e9rapie\u00ae et n\u00e9cessite en pr\u00e9 requis, une formation m\u00e9dicale ou de psychologie reconnue par l\u2019enseignement universitaire.<\/li>\n<li>Le cycle IV emm\u00e8ne vers la pratique autonome de la Foetoaquath\u00e9rapie\u00ae et autorise, apr\u00e8s validation, \u00e0 accueillir des patients avec supervision.<\/li>\n<\/ul>\n<h4>Programme du Cycle IV &#8211; 72h<\/h4>\n<p>3 mois d\u2019assistance en cabinet lors de consultations th\u00e9rapeutiques.<\/p>\n<p>3 mois en groupes d\u2019analyse de la pratique supervis\u00e9s.<\/p>\n<h4>Modalit\u00e9s p\u00e9dagogiques<\/h4>\n<ul>\n<li>Assistance de th\u00e9rapeutes professionnelles<\/li>\n<li>Pratique supervis\u00e9e \u00e0 sec et dans l\u2019eau avec des patients<\/li>\n<li>Analyse de la pratique<\/li>\n<\/ul>\n<h4>Validation des acquis<\/h4>\n<p>La validation des acquis est effectu\u00e9e au cours des 3 mois par les th\u00e9rapeutes formatrices.<\/p>\n<p>Elle autorise l\u2019exercice de la F\u0153toaquath\u00e9rapie en cabinet et d\u00e9livre le dipl\u00f4me de F\u0153toaquath\u00e9rapeute (Niveau1 + Niveau2).<\/p>\n<p><strong><em>Pour les stagiaires qui ne valideraient pas le Niveau 2, une attestation de formation est d\u00e9livr\u00e9e qui n\u2019autorise pas la pratique.<\/em><\/strong><\/p>\n<h4>Tarifs Cycle 4<\/h4>\n<p><strong>3600 \u20ac pour l\u2019ensemble du cycle sur 3 mois, soit :<\/strong><\/p>\n<ul>\n<li>Assistance en cabinet &#8211; 12 s\u00e9quences de 3h individuelle &#8211; 36h<\/li>\n<\/ul>\n<p>150\u20ac la s\u00e9quence soit 1800 \u20ac\u00a0pour les 12 s\u00e9quences<\/p>\n<ul>\n<li>Analyse de pratique \u2013 12 s\u00e9quences de 3h en groupe &#8211; 36h<\/li>\n<\/ul>\n<p>150\u20ac la s\u00e9quence soit 1800 \u20ac\u00a0pour les 12 s\u00e9quences<\/p>","protected":false},"excerpt":{"rendered":"<p>Apr\u00e8s la validation des 3 premiers cycles (Niveau 1) , il sera propos\u00e9 aux d\u00e9tenteurs du Niveau 1 d\u2019int\u00e9grer le Cycle IV. Cette formation ouvrira droit \u00e0 un dipl\u00f4me de formation Niveau 2\u00a0de F\u0153toaquath\u00e9rapie\u00a0:\u00a0\u00ab\u00a0Foetoaquath\u00e9rapeute\u00bb Elle permettra le travail en cabinet individuel avec supervision obligatoire. Les limites th\u00e9oriques et pratiques &#8211; \u00e9thiques et d\u00e9ontologiques Ces s\u00e9quences&hellip;<\/p>\n","protected":false},"author":4,"featured_media":0,"parent":0,"menu_order":0,"comment_status":"closed","ping_status":"closed","template":"","meta":{"footnotes":""},"class_list":["post-1200","page","type-page","status-publish","hentry","description-off"],"aioseo_notices":[],"_links":{"self":[{"href":"https:\/\/xn--thrapie-eau-mre-enfant-z7bm.fr\/index.php\/wp-json\/wp\/v2\/pages\/1200","targetHints":{"allow":["GET"]}}],"collection":[{"href":"https:\/\/xn--thrapie-eau-mre-enfant-z7bm.fr\/index.php\/wp-json\/wp\/v2\/pages"}],"about":[{"href":"https:\/\/xn--thrapie-eau-mre-enfant-z7bm.fr\/index.php\/wp-json\/wp\/v2\/types\/page"}],"author":[{"embeddable":true,"href":"https:\/\/xn--thrapie-eau-mre-enfant-z7bm.fr\/index.php\/wp-json\/wp\/v2\/users\/4"}],"replies":[{"embeddable":true,"href":"https:\/\/xn--thrapie-eau-mre-enfant-z7bm.fr\/index.php\/wp-json\/wp\/v2\/comments?post=1200"}],"version-history":[{"count":12,"href":"https:\/\/xn--thrapie-eau-mre-enfant-z7bm.fr\/index.php\/wp-json\/wp\/v2\/pages\/1200\/revisions"}],"predecessor-version":[{"id":1418,"href":"https:\/\/xn--thrapie-eau-mre-enfant-z7bm.fr\/index.php\/wp-json\/wp\/v2\/pages\/1200\/revisions\/1418"}],"wp:attachment":[{"href":"https:\/\/xn--thrapie-eau-mre-enfant-z7bm.fr\/index.php\/wp-json\/wp\/v2\/media?parent=1200"}],"curies":[{"name":"wp","href":"https:\/\/api.w.org\/{rel}","templated":true}]}}