{"id":1160,"date":"2017-12-11T09:36:17","date_gmt":"2017-12-11T08:36:17","guid":{"rendered":"https:\/\/xn--thrapie-eau-mre-enfant-z7bm.fr\/?page_id=1160"},"modified":"2020-10-09T07:26:32","modified_gmt":"2020-10-09T06:26:32","slug":"cycle-2","status":"publish","type":"page","link":"https:\/\/xn--thrapie-eau-mre-enfant-z7bm.fr\/index.php\/cycle-2\/","title":{"rendered":"Cycle 2 &#8211; Approfondissement de la Foetoaquath\u00e9rapie<sup>\u00ae<\/sup>"},"content":{"rendered":"<h3>3 sessions de deux jours + journ\u00e9e bilan<\/h3>\n<h4>Programme<\/h4>\n<p><strong>Session 1 : 2 jours<br \/>\n<\/strong><\/p>\n<ul style=\"list-style-type: circle;\">\n<li>Les grandes notions&nbsp;: le Moi, le \u00c7a, le Surmoi, le Soi<\/li>\n<li>Les enveloppes psychiques de Didier Anzieu<\/li>\n<li>Transposition de ces concepts \u00e0 la vie f\u0153tale&nbsp;: les enveloppes psychiques et l\u2019eau<\/li>\n<li>Les douze m\u00e9moires et l\u2019eau<\/li>\n<\/ul>\n<p><strong>Session 2 : 2 jours<br \/>\n<\/strong><\/p>\n<ul style=\"list-style-type: circle;\">\n<li>Les trois grandes \u00e9tapes et m\u00e9moires intra ut\u00e9rines<\/li>\n<li>Les trois p\u00e9riodes cl\u00e9 en Foetoaquath\u00e9rapie\n<ul style=\"list-style-type: disc;\">\n<li>m\u00e9moires de soutenance<\/li>\n<li>m\u00e9moires de contenance<\/li>\n<li>m\u00e9moires de signifiance<\/li>\n<\/ul>\n<\/li>\n<li>Notions approfondies de psychologie de l\u2019enfant<\/li>\n<li>Notions approfondies de Foetoaquath\u00e9rapie\n<ul style=\"list-style-type: disc;\">\n<li>Les 8 fonctions du Moi-peau<\/li>\n<\/ul>\n<\/li>\n<li>Les enveloppes psychiques&nbsp;:\n<ul style=\"list-style-type: disc;\">\n<li>Le toucher et l\u2019eau<\/li>\n<li>Le toucher, l\u2019eau et la musique<\/li>\n<li>Le toucher, l\u2019eau et le jeu<\/li>\n<\/ul>\n<\/li>\n<\/ul>\n<p><strong>Session 3 : 3 jours<br \/>\n<\/strong><\/p>\n<ul style=\"list-style-type: circle;\">\n<li>Anamn\u00e8se et bilan<\/li>\n<li>Processus d\u2019une s\u00e9ance et temporalit\u00e9<\/li>\n<li>\u00c9tude de la pratique&nbsp;\u00e0 partir de documents film\u00e9s<\/li>\n<li>\u00c9tude de cas cliniques<\/li>\n<li>Les protocoles th\u00e9rapeutiques<\/li>\n<li><strong>Discussion bilan de fin de Cycle, r\u00e9vision des bases et analyse de film<\/strong><\/li>\n<\/ul>\n<h4>Pr\u00e9-requis<\/h4>\n<p>Ce cycle de formation s\u2019adresse \u00e0 tous les professionnels des m\u00e9tiers du soin et de la relation d\u2019aide qui ont suivi le Cycle 1 de formation.<\/p>\n<p>Ces s\u00e9quences de formation sont compl\u00e9mentaires d\u2019une formation initiale de qualit\u00e9.<\/p>\n<h4>Public<\/h4>\n<p>M\u00e9decins, kin\u00e9sith\u00e9rapeutes, psychomotriciens, sages femmes, ost\u00e9opathes, infirmiers, psychologues, m\u00e9diateurs.<\/p>\n<h4>Objectifs p\u00e9dagogiques<\/h4>\n<p>A l\u2019issue de la formation, les participants auront approfondi<\/p>\n<ul>\n<li style=\"list-style-type: none;\">\n<ul>\n<li>les notions de la F\u0153toaquath\u00e9rapie<sup>\u00ae<\/sup><\/li>\n<li>les notions d\u2019embryologie et de psychopathologie<\/li>\n<\/ul>\n<\/li>\n<\/ul>\n<h4>M\u00e9thodes p\u00e9dagogiques<\/h4>\n<p>Apports th\u00e9oriques et d\u00e9monstrations par l\u2019image, interactions et retour d\u2019exp\u00e9rience.<\/p>\n<h4>Les intervenants&nbsp;:<\/h4>\n<p><strong>Marie Schmitt<\/strong> \u2013 Cr\u00e9atrice de la m\u00e9thode th\u00e9rapeutique de Foetoaquath\u00e9rapie<sup>\u00ae<\/sup><\/p>\n<p><strong>Claude Swaenepoel <\/strong>\u2013 P\u00e9diatre, aptoth\u00e9rapeute<\/p>\n<p><strong>Elise Chalvidan<\/strong> \u2013 Psychologue, enseignante en Psychopathologie, praticienne en Foetoaquath\u00e9rapie<sup>\u00ae<\/sup><\/p>\n","protected":false},"excerpt":{"rendered":"<p>3 sessions de deux jours + journ\u00e9e bilan Programme Session 1 : 2 jours Les grandes notions&nbsp;: le Moi, le \u00c7a, le Surmoi, le Soi Les enveloppes psychiques de Didier Anzieu Transposition de ces concepts \u00e0 la vie f\u0153tale&nbsp;: les enveloppes psychiques et l\u2019eau Les douze m\u00e9moires et l\u2019eau Session 2 : 2 jours Les&hellip;<\/p>\n","protected":false},"author":4,"featured_media":0,"parent":0,"menu_order":0,"comment_status":"closed","ping_status":"closed","template":"","meta":{"footnotes":""},"class_list":["post-1160","page","type-page","status-publish","hentry","description-off"],"aioseo_notices":[],"_links":{"self":[{"href":"https:\/\/xn--thrapie-eau-mre-enfant-z7bm.fr\/index.php\/wp-json\/wp\/v2\/pages\/1160","targetHints":{"allow":["GET"]}}],"collection":[{"href":"https:\/\/xn--thrapie-eau-mre-enfant-z7bm.fr\/index.php\/wp-json\/wp\/v2\/pages"}],"about":[{"href":"https:\/\/xn--thrapie-eau-mre-enfant-z7bm.fr\/index.php\/wp-json\/wp\/v2\/types\/page"}],"author":[{"embeddable":true,"href":"https:\/\/xn--thrapie-eau-mre-enfant-z7bm.fr\/index.php\/wp-json\/wp\/v2\/users\/4"}],"replies":[{"embeddable":true,"href":"https:\/\/xn--thrapie-eau-mre-enfant-z7bm.fr\/index.php\/wp-json\/wp\/v2\/comments?post=1160"}],"version-history":[{"count":17,"href":"https:\/\/xn--thrapie-eau-mre-enfant-z7bm.fr\/index.php\/wp-json\/wp\/v2\/pages\/1160\/revisions"}],"predecessor-version":[{"id":1414,"href":"https:\/\/xn--thrapie-eau-mre-enfant-z7bm.fr\/index.php\/wp-json\/wp\/v2\/pages\/1160\/revisions\/1414"}],"wp:attachment":[{"href":"https:\/\/xn--thrapie-eau-mre-enfant-z7bm.fr\/index.php\/wp-json\/wp\/v2\/media?parent=1160"}],"curies":[{"name":"wp","href":"https:\/\/api.w.org\/{rel}","templated":true}]}}